{"id":401,"date":"2024-06-12T15:35:18","date_gmt":"2024-06-12T20:35:18","guid":{"rendered":"https:\/\/pfrost.atiksoluciones.com\/?page_id=401"},"modified":"2025-01-10T22:44:03","modified_gmt":"2025-01-11T03:44:03","slug":"aviso-legal","status":"publish","type":"page","link":"https:\/\/pfrost.atiksoluciones.com\/ru\/aviso-legal\/","title":{"rendered":"Aviso legal"},"content":{"rendered":"<div data-elementor-type=\"wp-page\" data-elementor-id=\"401\" class=\"elementor elementor-401\" data-elementor-post-type=\"page\">\n\t\t\t\t<div class=\"elementor-element elementor-element-d232c3b e-flex e-con-boxed e-con e-parent\" data-id=\"d232c3b\" data-element_type=\"container\" data-settings=\"{&quot;background_background&quot;:&quot;classic&quot;}\">\n\t\t\t\t\t<div class=\"e-con-inner\">\n\t\t<div class=\"elementor-element elementor-element-29186a8 e-con-full e-flex e-con e-child\" data-id=\"29186a8\" data-element_type=\"container\">\n\t\t\t\t<div class=\"elementor-element elementor-element-f63ee2d elementor-widget__width-initial elementor-invisible elementor-widget elementor-widget-heading\" data-id=\"f63ee2d\" data-element_type=\"widget\" data-settings=\"{&quot;_animation&quot;:&quot;fadeInUp&quot;}\" data-widget_type=\"heading.default\">\n\t\t\t\t<div class=\"elementor-widget-container\">\n\t\t\t\t\t<h1 class=\"elementor-heading-title elementor-size-default\">Aviso legal<\/h1>\t\t\t\t<\/div>\n\t\t\t\t<\/div>\n\t\t\t\t<div class=\"elementor-element elementor-element-f963ec4 elementor-widget-divider--view-line elementor-widget elementor-widget-divider\" data-id=\"f963ec4\" data-element_type=\"widget\" data-widget_type=\"divider.default\">\n\t\t\t\t<div class=\"elementor-widget-container\">\n\t\t\t\t\t\t\t<div class=\"elementor-divider\">\n\t\t\t<span class=\"elementor-divider-separator\">\n\t\t\t\t\t\t<\/span>\n\t\t<\/div>\n\t\t\t\t\t\t<\/div>\n\t\t\t\t<\/div>\n\t\t\t\t<\/div>\n\t\t<div class=\"elementor-element elementor-element-e795c9d e-con-full e-flex e-con e-child\" data-id=\"e795c9d\" data-element_type=\"container\" data-settings=\"{&quot;background_background&quot;:&quot;classic&quot;}\">\n\t\t\t\t<div class=\"elementor-element elementor-element-a769ef7 elementor-widget elementor-widget-spacer\" data-id=\"a769ef7\" data-element_type=\"widget\" data-widget_type=\"spacer.default\">\n\t\t\t\t<div class=\"elementor-widget-container\">\n\t\t\t\t\t\t\t<div class=\"elementor-spacer\">\n\t\t\t<div class=\"elementor-spacer-inner\"><\/div>\n\t\t<\/div>\n\t\t\t\t\t\t<\/div>\n\t\t\t\t<\/div>\n\t\t\t\t<\/div>\n\t\t\t\t\t<\/div>\n\t\t\t\t<\/div>\n\t\t<div class=\"elementor-element elementor-element-9fa3a54 e-flex e-con-boxed e-con e-parent\" data-id=\"9fa3a54\" data-element_type=\"container\">\n\t\t\t\t\t<div class=\"e-con-inner\">\n\t\t\t\t<div class=\"elementor-element elementor-element-a58d5c5 elementor-widget elementor-widget-text-editor\" data-id=\"a58d5c5\" data-element_type=\"widget\" data-widget_type=\"text-editor.default\">\n\t\t\t\t<div class=\"elementor-widget-container\">\n\t\t\t\t\t\t\t\t\t<p><strong>1. Identificaci\u00f3n del Titular del Sitio Web<\/strong><\/p>\n<p>Titular: PER\u00da FROST SOCIEDAD ANONIMA CERRADA<\/p>\n<p>RUC: 20607856517<\/p>\n<p>Direcci\u00f3n: Av. Manuel Olgu\u00edn Nro. 501 Int. 902, Residencial Isabelita, Santiago de Surco, Lima, Per\u00fa<br \/>Correo Electr\u00f3nico: rrouillon@perufrost.com<\/p>\n<p><strong>2. Objeto<\/strong><\/p>\n<p>El presente aviso legal regula el uso del sitio web de PER\u00da FROST S.A.C. (en adelante, \u00abel Sitio Web\u00bb), que se pone a disposici\u00f3n de los usuarios de Internet. El acceso y uso del Sitio Web implica la aceptaci\u00f3n plena y sin reservas de todos los t\u00e9rminos y condiciones contenidos en este aviso legal.<\/p>\n<p><strong>3. Condiciones de Uso<\/strong><\/p>\n<p>El usuario se compromete a hacer un uso adecuado del Sitio Web y de sus contenidos y servicios conforme a la ley, la moral, el orden p\u00fablico y este aviso legal. Asimismo, se obliga a no utilizar el Sitio Web con fines il\u00edcitos o lesivos de los derechos e intereses de terceros, o que de cualquier forma puedan da\u00f1ar, inutilizar, sobrecargar o deteriorar el Sitio Web.<\/p>\n<p><strong>4. Propiedad Intelectual e Industrial<\/strong><\/p>\n<p>Todos los derechos de propiedad intelectual e industrial del Sitio Web, as\u00ed como de los elementos contenidos en el mismo (a t\u00edtulo enunciativo, im\u00e1genes, sonido, audio, v\u00eddeo, software, textos, marcas o logotipos, combinaciones de colores, estructura y dise\u00f1o, etc.), pertenecen a PER\u00da FROST S.A.C. o, en su caso, a terceros licenciantes, salvo que se indique lo contrario.<\/p>\n<p>El usuario se compromete a respetar los derechos de propiedad intelectual e industrial titularidad de PER\u00da FROST S.A.C. Podr\u00e1 visualizar los elementos del Sitio Web e incluso imprimirlos, copiarlos y almacenarlos en el disco duro de su ordenador o en cualquier otro soporte f\u00edsico siempre y cuando sea, \u00fanica y exclusivamente, para su uso personal y privado. Queda, por tanto, terminantemente prohibida la transformaci\u00f3n, distribuci\u00f3n, comunicaci\u00f3n p\u00fablica, puesta a disposici\u00f3n o cualquier otra forma de explotaci\u00f3n, as\u00ed como su modificaci\u00f3n, alteraci\u00f3n o descompilaci\u00f3n sin la autorizaci\u00f3n expresa de PER\u00da FROST S.A.C.<\/p>\n<p><strong>5. Responsabilidad y Garant\u00edas<\/strong><\/p>\n<p>PER\u00da FROST S.A.C. no garantiza la continuidad, disponibilidad y utilidad del Sitio Web, ni de los contenidos o servicios. PER\u00da FROST S.A.C. har\u00e1 todo lo posible por el buen funcionamiento del Sitio Web, sin embargo, no se responsabiliza ni garantiza que el acceso a este Sitio Web no sea ininterrumpido o que est\u00e9 libre de error. Tampoco se responsabiliza ni garantiza que el contenido o software al que pueda accederse a trav\u00e9s de este Sitio Web est\u00e9 libre de error o cause un da\u00f1o al sistema inform\u00e1tico del usuario (software y hardware). En ning\u00fan caso PER\u00da FROST S.A.C. ser\u00e1 responsable por las p\u00e9rdidas, da\u00f1os o perjuicios de cualquier tipo que surjan por el acceso, navegaci\u00f3n y uso del Sitio Web, incluy\u00e9ndose, pero no limit\u00e1ndose, a los ocasionados a los sistemas inform\u00e1ticos o los provocados por la introducci\u00f3n de virus.<\/p>\n<p><strong>6. Modificaciones<\/strong><\/p>\n<p>PER\u00da FROST S.A.C. se reserva el derecho de realizar sin previo aviso las modificaciones que considere oportunas en el Sitio Web, pudiendo cambiar, suprimir o a\u00f1adir tanto los contenidos y servicios que se presten a trav\u00e9s del mismo como la forma en la que estos aparezcan presentados o localizados en el Sitio Web.<\/p>\n<p><strong>7. Enlaces<\/strong><\/p>\n<p>En el caso de que en el Sitio Web se dispusiesen enlaces o hiperv\u00ednculos hacia otros sitios de Internet, PER\u00da FROST S.A.C. no ejercer\u00e1 ning\u00fan tipo de control sobre dichos sitios y contenidos. En ning\u00fan caso PER\u00da FROST S.A.C. asumir\u00e1 responsabilidad alguna por los contenidos de alg\u00fan enlace perteneciente a un sitio web ajeno, ni garantizar\u00e1 la disponibilidad t\u00e9cnica, calidad, fiabilidad, exactitud, amplitud, veracidad, validez y constitucionalidad de cualquier material o informaci\u00f3n contenida en ninguno de dichos hiperv\u00ednculos u otros sitios de Internet.<\/p>\n<p><strong>8. Derecho de Exclusi\u00f3n<\/strong><\/p>\n<p>PER\u00da FROST S.A.C. se reserva el derecho a denegar o retirar el acceso al Sitio Web y\/o los servicios ofrecidos sin necesidad de preaviso, a instancia propia o de un tercero, a aquellos usuarios que incumplan el contenido de este aviso legal.<\/p>\n<p><strong>9. Generalidades<\/strong><\/p>\n<p>PER\u00da FROST S.A.C. perseguir\u00e1 el incumplimiento de estas condiciones, as\u00ed como cualquier utilizaci\u00f3n indebida de su Sitio Web ejerciendo todas las acciones civiles y penales que le puedan corresponder en derecho.<\/p>\n<p><strong>10. Legislaci\u00f3n Aplicable y Jurisdicci\u00f3n<\/strong><\/p>\n<p>La relaci\u00f3n entre PER\u00da FROST S.A.C. y el usuario se regir\u00e1 por la normativa vigente y de aplicaci\u00f3n en el territorio de la Rep\u00fablica del Per\u00fa. De surgir cualquier controversia, las partes podr\u00e1n someter sus conflictos a arbitraje o a la jurisdicci\u00f3n ordinaria cumpliendo con las reglas de jurisdicci\u00f3n y competencia al respecto.<\/p>\n<p><!-- \/wp:paragraph --><\/p>\t\t\t\t\t\t\t\t<\/div>\n\t\t\t\t<\/div>\n\t\t\t\t\t<\/div>\n\t\t\t\t<\/div>\n\t\t\t\t<\/div>","protected":false},"excerpt":{"rendered":"<p>1. Identificaci\u00f3n del Titular del Sitio Web Titular: PER\u00da FROST SOCIEDAD ANONIMA CERRADA RUC: 20607856517 Direcci\u00f3n: Av. Manuel Olgu\u00edn Nro. 501 Int. 902, Residencial Isabelita, Santiago de Surco, Lima, Per\u00faCorreo Electr\u00f3nico: rrouillon@perufrost.com 2. Objeto El presente aviso legal regula el uso del sitio web de PER\u00da FROST S.A.C. (en adelante, \u00abel Sitio Web\u00bb), que se [&hellip;]<\/p>","protected":false},"author":1,"featured_media":0,"parent":0,"menu_order":0,"comment_status":"closed","ping_status":"closed","template":"","meta":{"footnotes":""},"class_list":["post-401","page","type-page","status-publish","hentry"],"yoast_head":"<!-- This site is optimized with the Yoast SEO plugin v24.8.1 - https:\/\/yoast.com\/wordpress\/plugins\/seo\/ -->\n<title>Aviso legal - Per\u00fa Frost<\/title>\n<meta name=\"robots\" content=\"noindex, follow, max-snippet:-1, max-image-preview:large, max-video-preview:-1\" \/>\n<meta property=\"og:locale\" content=\"ru_RU\" \/>\n<meta property=\"og:type\" content=\"article\" \/>\n<meta property=\"og:title\" content=\"Aviso legal - Per\u00fa Frost\" \/>\n<meta property=\"og:description\" content=\"1. Identificaci\u00f3n del Titular del Sitio Web Titular: PER\u00da FROST SOCIEDAD ANONIMA CERRADA RUC: 20607856517 Direcci\u00f3n: Av. Manuel Olgu\u00edn Nro. 501 Int. 902, Residencial Isabelita, Santiago de Surco, Lima, Per\u00faCorreo Electr\u00f3nico: rrouillon@perufrost.com 2. Objeto El presente aviso legal regula el uso del sitio web de PER\u00da FROST S.A.C. (en adelante, \u00abel Sitio Web\u00bb), que se [&hellip;]\" \/>\n<meta property=\"og:url\" content=\"https:\/\/pfrost.atiksoluciones.com\/ru\/aviso-legal\/\" \/>\n<meta property=\"og:site_name\" content=\"Per\u00fa Frost\" \/>\n<meta property=\"article:modified_time\" content=\"2025-01-11T03:44:03+00:00\" \/>\n<meta name=\"twitter:card\" content=\"summary_large_image\" \/>\n<meta name=\"twitter:label1\" content=\"\u041f\u0440\u0438\u043c\u0435\u0440\u043d\u043e\u0435 \u0432\u0440\u0435\u043c\u044f \u0434\u043b\u044f \u0447\u0442\u0435\u043d\u0438\u044f\" \/>\n\t<meta name=\"twitter:data1\" content=\"4 \u043c\u0438\u043d\u0443\u0442\u044b\" \/>\n<script type=\"application\/ld+json\" class=\"yoast-schema-graph\">{\"@context\":\"https:\/\/schema.org\",\"@graph\":[{\"@type\":\"WebPage\",\"@id\":\"https:\/\/pfrost.atiksoluciones.com\/aviso-legal\/\",\"url\":\"https:\/\/pfrost.atiksoluciones.com\/aviso-legal\/\",\"name\":\"Aviso legal - Per\u00fa Frost\",\"isPartOf\":{\"@id\":\"https:\/\/pfrost.atiksoluciones.com\/#website\"},\"datePublished\":\"2024-06-12T20:35:18+00:00\",\"dateModified\":\"2025-01-11T03:44:03+00:00\",\"breadcrumb\":{\"@id\":\"https:\/\/pfrost.atiksoluciones.com\/aviso-legal\/#breadcrumb\"},\"inLanguage\":\"ru-RU\",\"potentialAction\":[{\"@type\":\"ReadAction\",\"target\":[\"https:\/\/pfrost.atiksoluciones.com\/aviso-legal\/\"]}]},{\"@type\":\"BreadcrumbList\",\"@id\":\"https:\/\/pfrost.atiksoluciones.com\/aviso-legal\/#breadcrumb\",\"itemListElement\":[{\"@type\":\"ListItem\",\"position\":1,\"name\":\"Home\",\"item\":\"https:\/\/pfrost.atiksoluciones.com\/\"},{\"@type\":\"ListItem\",\"position\":2,\"name\":\"Aviso legal\"}]},{\"@type\":\"WebSite\",\"@id\":\"https:\/\/pfrost.atiksoluciones.com\/#website\",\"url\":\"https:\/\/pfrost.atiksoluciones.com\/\",\"name\":\"Per\u00fa Frost\",\"description\":\"Per\u00fa Frost\",\"publisher\":{\"@id\":\"https:\/\/pfrost.atiksoluciones.com\/#organization\"},\"potentialAction\":[{\"@type\":\"SearchAction\",\"target\":{\"@type\":\"EntryPoint\",\"urlTemplate\":\"https:\/\/pfrost.atiksoluciones.com\/?s={search_term_string}\"},\"query-input\":{\"@type\":\"PropertyValueSpecification\",\"valueRequired\":true,\"valueName\":\"search_term_string\"}}],\"inLanguage\":\"ru-RU\"},{\"@type\":\"Organization\",\"@id\":\"https:\/\/pfrost.atiksoluciones.com\/#organization\",\"name\":\"Per\u00fa Frost\",\"url\":\"https:\/\/pfrost.atiksoluciones.com\/\",\"logo\":{\"@type\":\"ImageObject\",\"inLanguage\":\"ru-RU\",\"@id\":\"https:\/\/pfrost.atiksoluciones.com\/#\/schema\/logo\/image\/\",\"url\":\"https:\/\/pfrost.atiksoluciones.com\/wp-content\/uploads\/2022\/04\/logo-1.png\",\"contentUrl\":\"https:\/\/pfrost.atiksoluciones.com\/wp-content\/uploads\/2022\/04\/logo-1.png\",\"width\":254,\"height\":56,\"caption\":\"Per\u00fa Frost\"},\"image\":{\"@id\":\"https:\/\/pfrost.atiksoluciones.com\/#\/schema\/logo\/image\/\"}}]}<\/script>\n<!-- \/ Yoast SEO plugin. -->","yoast_head_json":{"title":"Aviso legal - Per\u00fa Frost","robots":{"index":"noindex","follow":"follow","max-snippet":"max-snippet:-1","max-image-preview":"max-image-preview:large","max-video-preview":"max-video-preview:-1"},"og_locale":"ru_RU","og_type":"article","og_title":"Aviso legal - Per\u00fa Frost","og_description":"1. Identificaci\u00f3n del Titular del Sitio Web Titular: PER\u00da FROST SOCIEDAD ANONIMA CERRADA RUC: 20607856517 Direcci\u00f3n: Av. Manuel Olgu\u00edn Nro. 501 Int. 902, Residencial Isabelita, Santiago de Surco, Lima, Per\u00faCorreo Electr\u00f3nico: rrouillon@perufrost.com 2. Objeto El presente aviso legal regula el uso del sitio web de PER\u00da FROST S.A.C. (en adelante, \u00abel Sitio Web\u00bb), que se [&hellip;]","og_url":"https:\/\/pfrost.atiksoluciones.com\/ru\/aviso-legal\/","og_site_name":"Per\u00fa Frost","article_modified_time":"2025-01-11T03:44:03+00:00","twitter_card":"summary_large_image","twitter_misc":{"\u041f\u0440\u0438\u043c\u0435\u0440\u043d\u043e\u0435 \u0432\u0440\u0435\u043c\u044f \u0434\u043b\u044f \u0447\u0442\u0435\u043d\u0438\u044f":"4 \u043c\u0438\u043d\u0443\u0442\u044b"},"schema":{"@context":"https:\/\/schema.org","@graph":[{"@type":"WebPage","@id":"https:\/\/pfrost.atiksoluciones.com\/aviso-legal\/","url":"https:\/\/pfrost.atiksoluciones.com\/aviso-legal\/","name":"Aviso legal - Per\u00fa Frost","isPartOf":{"@id":"https:\/\/pfrost.atiksoluciones.com\/#website"},"datePublished":"2024-06-12T20:35:18+00:00","dateModified":"2025-01-11T03:44:03+00:00","breadcrumb":{"@id":"https:\/\/pfrost.atiksoluciones.com\/aviso-legal\/#breadcrumb"},"inLanguage":"ru-RU","potentialAction":[{"@type":"ReadAction","target":["https:\/\/pfrost.atiksoluciones.com\/aviso-legal\/"]}]},{"@type":"BreadcrumbList","@id":"https:\/\/pfrost.atiksoluciones.com\/aviso-legal\/#breadcrumb","itemListElement":[{"@type":"ListItem","position":1,"name":"Home","item":"https:\/\/pfrost.atiksoluciones.com\/"},{"@type":"ListItem","position":2,"name":"Aviso legal"}]},{"@type":"WebSite","@id":"https:\/\/pfrost.atiksoluciones.com\/#website","url":"https:\/\/pfrost.atiksoluciones.com\/","name":"Per\u00fa Frost","description":"Per\u00fa Frost","publisher":{"@id":"https:\/\/pfrost.atiksoluciones.com\/#organization"},"potentialAction":[{"@type":"SearchAction","target":{"@type":"EntryPoint","urlTemplate":"https:\/\/pfrost.atiksoluciones.com\/?s={search_term_string}"},"query-input":{"@type":"PropertyValueSpecification","valueRequired":true,"valueName":"search_term_string"}}],"inLanguage":"ru-RU"},{"@type":"Organization","@id":"https:\/\/pfrost.atiksoluciones.com\/#organization","name":"Per\u00fa Frost","url":"https:\/\/pfrost.atiksoluciones.com\/","logo":{"@type":"ImageObject","inLanguage":"ru-RU","@id":"https:\/\/pfrost.atiksoluciones.com\/#\/schema\/logo\/image\/","url":"https:\/\/pfrost.atiksoluciones.com\/wp-content\/uploads\/2022\/04\/logo-1.png","contentUrl":"https:\/\/pfrost.atiksoluciones.com\/wp-content\/uploads\/2022\/04\/logo-1.png","width":254,"height":56,"caption":"Per\u00fa Frost"},"image":{"@id":"https:\/\/pfrost.atiksoluciones.com\/#\/schema\/logo\/image\/"}}]}},"_links":{"self":[{"href":"https:\/\/pfrost.atiksoluciones.com\/ru\/wp-json\/wp\/v2\/pages\/401","targetHints":{"allow":["GET"]}}],"collection":[{"href":"https:\/\/pfrost.atiksoluciones.com\/ru\/wp-json\/wp\/v2\/pages"}],"about":[{"href":"https:\/\/pfrost.atiksoluciones.com\/ru\/wp-json\/wp\/v2\/types\/page"}],"author":[{"embeddable":true,"href":"https:\/\/pfrost.atiksoluciones.com\/ru\/wp-json\/wp\/v2\/users\/1"}],"replies":[{"embeddable":true,"href":"https:\/\/pfrost.atiksoluciones.com\/ru\/wp-json\/wp\/v2\/comments?post=401"}],"version-history":[{"count":13,"href":"https:\/\/pfrost.atiksoluciones.com\/ru\/wp-json\/wp\/v2\/pages\/401\/revisions"}],"predecessor-version":[{"id":3639,"href":"https:\/\/pfrost.atiksoluciones.com\/ru\/wp-json\/wp\/v2\/pages\/401\/revisions\/3639"}],"wp:attachment":[{"href":"https:\/\/pfrost.atiksoluciones.com\/ru\/wp-json\/wp\/v2\/media?parent=401"}],"curies":[{"name":"wp","href":"https:\/\/api.w.org\/{rel}","templated":true}]}}