{"id":3120,"date":"2024-08-15T15:20:27","date_gmt":"2024-08-15T20:20:27","guid":{"rendered":"https:\/\/pfrost.atiksoluciones.com\/?page_id=3120"},"modified":"2024-08-15T15:26:33","modified_gmt":"2024-08-15T20:26:33","slug":"gestion-etica","status":"publish","type":"page","link":"https:\/\/pfrost.atiksoluciones.com\/ru\/gestion-etica\/","title":{"rendered":"\u042d\u0442\u0438\u0447\u0435\u0441\u043a\u0438\u0439 \u043c\u0435\u043d\u0435\u0434\u0436\u043c\u0435\u043d\u0442"},"content":{"rendered":"<div data-elementor-type=\"wp-page\" data-elementor-id=\"3120\" class=\"elementor elementor-3120\" data-elementor-post-type=\"page\">\n\t\t\t\t<div class=\"elementor-element elementor-element-c385e01 e-flex e-con-boxed e-con e-parent\" data-id=\"c385e01\" data-element_type=\"container\" data-settings=\"{&quot;background_background&quot;:&quot;classic&quot;}\">\n\t\t\t\t\t<div class=\"e-con-inner\">\n\t\t<div class=\"elementor-element elementor-element-272797b e-con-full e-flex e-con e-child\" data-id=\"272797b\" data-element_type=\"container\">\n\t\t\t\t<div class=\"elementor-element elementor-element-a2c5228 elementor-widget__width-initial elementor-invisible elementor-widget elementor-widget-heading\" data-id=\"a2c5228\" data-element_type=\"widget\" data-settings=\"{&quot;_animation&quot;:&quot;fadeInUp&quot;}\" data-widget_type=\"heading.default\">\n\t\t\t\t<div class=\"elementor-widget-container\">\n\t\t\t\t\t<h1 class=\"elementor-heading-title elementor-size-default\">\u042d\u0442\u0438\u0447\u0435\u0441\u043a\u0438\u0439 \u043c\u0435\u043d\u0435\u0434\u0436\u043c\u0435\u043d\u0442<\/h1>\t\t\t\t<\/div>\n\t\t\t\t<\/div>\n\t\t\t\t<div class=\"elementor-element elementor-element-66c751c elementor-widget-divider--view-line elementor-widget elementor-widget-divider\" data-id=\"66c751c\" data-element_type=\"widget\" data-widget_type=\"divider.default\">\n\t\t\t\t<div class=\"elementor-widget-container\">\n\t\t\t\t\t\t\t<div class=\"elementor-divider\">\n\t\t\t<span class=\"elementor-divider-separator\">\n\t\t\t\t\t\t<\/span>\n\t\t<\/div>\n\t\t\t\t\t\t<\/div>\n\t\t\t\t<\/div>\n\t\t\t\t<\/div>\n\t\t<div class=\"elementor-element elementor-element-9c5d6eb e-con-full e-flex e-con e-child\" data-id=\"9c5d6eb\" data-element_type=\"container\" data-settings=\"{&quot;background_background&quot;:&quot;classic&quot;}\">\n\t\t\t\t<div class=\"elementor-element elementor-element-572856f elementor-widget elementor-widget-spacer\" data-id=\"572856f\" data-element_type=\"widget\" data-widget_type=\"spacer.default\">\n\t\t\t\t<div class=\"elementor-widget-container\">\n\t\t\t\t\t\t\t<div class=\"elementor-spacer\">\n\t\t\t<div class=\"elementor-spacer-inner\"><\/div>\n\t\t<\/div>\n\t\t\t\t\t\t<\/div>\n\t\t\t\t<\/div>\n\t\t\t\t<\/div>\n\t\t\t\t\t<\/div>\n\t\t\t\t<\/div>\n\t\t<div class=\"elementor-element elementor-element-61ae87a e-flex e-con-boxed e-con e-parent\" data-id=\"61ae87a\" data-element_type=\"container\">\n\t\t\t\t\t<div class=\"e-con-inner\">\n\t\t\t\t<div class=\"elementor-element elementor-element-73f18e0 elementor-widget elementor-widget-text-editor\" data-id=\"73f18e0\" data-element_type=\"widget\" data-widget_type=\"text-editor.default\">\n\t\t\t\t<div class=\"elementor-widget-container\">\n\t\t\t\t\t\t\t\t\t<p class=\" translation-block\">\u0412 PER\u00da FROST <strong>\u043f\u0440\u0438\u0432\u0435\u0440\u0436\u0435\u043d\u043d\u043e\u0441\u0442\u044c \u0447\u0435\u0441\u0442\u043d\u043e\u043c\u0443 \u0438 \u0447\u0435\u0441\u0442\u043d\u043e\u043c\u0443 \u0431\u0438\u0437\u043d\u0435\u0441\u0443<\/strong> \u044f\u0432\u043b\u044f\u0435\u0442\u0441\u044f \u0444\u0443\u043d\u0434\u0430\u043c\u0435\u043d\u0442\u0430\u043b\u044c\u043d\u043e\u0439 \u043e\u0441\u043d\u043e\u0432\u043e\u0439 \u043d\u0430\u0448\u0435\u0439 \u043a\u043e\u0440\u043f\u043e\u0440\u0430\u0442\u0438\u0432\u043d\u043e\u0439 \u0441\u0442\u0440\u0430\u0442\u0435\u0433\u0438\u0438. \u041c\u044b \u0440\u0430\u0437\u0432\u0438\u0432\u0430\u0435\u043c \u0432\u0441\u044e \u0441\u0432\u043e\u044e \u0434\u0435\u044f\u0442\u0435\u043b\u044c\u043d\u043e\u0441\u0442\u044c, \u0438\u0441\u0445\u043e\u0434\u044f \u0438\u0437 \u0442\u0432\u0435\u0440\u0434\u043e\u0433\u043e \u0443\u0431\u0435\u0436\u0434\u0435\u043d\u0438\u044f, \u0447\u0442\u043e <strong>\u044d\u0442\u0438\u0447\u043d\u043e\u0435 \u0438 \u043f\u0440\u043e\u0437\u0440\u0430\u0447\u043d\u043e\u0435 \u043f\u043e\u0432\u0435\u0434\u0435\u043d\u0438\u0435<\/strong> \u044f\u0432\u043b\u044f\u0435\u0442\u0441\u044f \u043a\u043b\u044e\u0447\u043e\u043c \u043a <strong>\u0443\u0441\u043f\u0435\u0445\u0443 \u043d\u0430\u0448\u0435\u0433\u043e \u0431\u0438\u0437\u043d\u0435\u0441\u0430<\/strong>.<\/p><p>\u041f\u043e\u044d\u0442\u043e\u043c\u0443 \u043c\u044b \u043f\u043e\u0434\u0434\u0435\u0440\u0436\u0438\u0432\u0430\u0435\u043c \u0440\u0430\u0437\u043b\u0438\u0447\u043d\u044b\u0435 \u043a\u0430\u043d\u0430\u043b\u044b, \u043a\u043e\u0442\u043e\u0440\u044b\u0435 \u0433\u0430\u0440\u0430\u043d\u0442\u0438\u0440\u0443\u044e\u0442, \u0447\u0442\u043e \u0434\u0435\u0439\u0441\u0442\u0432\u0438\u044f \u043d\u0430\u0448\u0435\u0439 \u0440\u0430\u0431\u043e\u0447\u0435\u0439 \u0433\u0440\u0443\u043f\u043f\u044b \u0441\u043e\u043e\u0442\u0432\u0435\u0442\u0441\u0442\u0432\u0443\u044e\u0442 \u044d\u0442\u0438\u043c \u043f\u0440\u0438\u043d\u0446\u0438\u043f\u0430\u043c.<\/p><p><strong>\u041a\u043e\u043c\u0438\u0442\u0435\u0442 \u043f\u043e \u044d\u0442\u0438\u043a\u0435<\/strong><\/p><ul><li class=\" translation-block\">\u0421\u043f\u043e\u0441\u043e\u0431\u0441\u0442\u0432\u0443\u0435\u0442 \u0441\u043e\u0431\u043b\u044e\u0434\u0435\u043d\u0438\u044e \u0446\u0435\u043d\u043d\u043e\u0441\u0442\u0435\u0439 \u043e\u0440\u0433\u0430\u043d\u0438\u0437\u0430\u0446\u0438\u0438 \u043f\u043e\u0441\u0440\u0435\u0434\u0441\u0442\u0432\u043e\u043c \u043f\u043e\u0441\u0442\u043e\u044f\u043d\u043d\u043e\u0433\u043e \u0441\u043e\u0437\u0434\u0430\u043d\u0438\u044f \u0438 \u043f\u0440\u043e\u0432\u0435\u0440\u043a\u0438 \u043a\u043e\u0440\u043f\u043e\u0440\u0430\u0442\u0438\u0432\u043d\u044b\u0445 \u0434\u043e\u043a\u0443\u043c\u0435\u043d\u0442\u043e\u0432, \u0442\u0430\u043a\u0438\u0445 \u043a\u0430\u043a \u044d\u0442\u0438\u0447\u0435\u0441\u043a\u0438\u0435 \u043a\u043e\u0434\u0435\u043a\u0441\u044b \u0438 \u0440\u0443\u043a\u043e\u0432\u043e\u0434\u0441\u0442\u0432\u0430.<\/li><li class=\" translation-block\">\u041a\u0440\u043e\u043c\u0435 \u0442\u043e\u0433\u043e, \u043e\u043d \u043e\u0442\u0432\u0435\u0447\u0430\u0435\u0442 \u0437\u0430 \u0440\u0430\u0441\u0441\u043c\u043e\u0442\u0440\u0435\u043d\u0438\u0435 \u0438 \u0440\u0430\u0437\u0440\u0435\u0448\u0435\u043d\u0438\u0435 \u0441\u043e\u0431\u044b\u0442\u0438\u0439, \u043e \u043a\u043e\u0442\u043e\u0440\u044b\u0445 \u0430\u043d\u043e\u043d\u0438\u043c\u043d\u043e \u0441\u043e\u043e\u0431\u0449\u0430\u0435\u0442\u0441\u044f \u0447\u0435\u0440\u0435\u0437 \u043a\u0430\u043d\u0430\u043b \u043f\u043e\u0434\u0430\u0447\u0438 \u0436\u0430\u043b\u043e\u0431.<\/li><li class=\" translation-block\">\u0412 \u0435\u0433\u043e \u0441\u043e\u0441\u0442\u0430\u0432 \u0432\u0445\u043e\u0434\u044f\u0442 \u0433\u0435\u043d\u0435\u0440\u0430\u043b\u044c\u043d\u044b\u0439 \u0434\u0438\u0440\u0435\u043a\u0442\u043e\u0440, \u043c\u0435\u043d\u0435\u0434\u0436\u0435\u0440 \u043f\u043e \u0430\u0434\u043c\u0438\u043d\u0438\u0441\u0442\u0440\u0430\u0442\u0438\u0432\u043d\u044b\u043c \u0438 \u043a\u0430\u0434\u0440\u043e\u0432\u044b\u043c \u0432\u043e\u043f\u0440\u043e\u0441\u0430\u043c, \u043c\u0435\u043d\u0435\u0434\u0436\u0435\u0440 \u043f\u043e \u043f\u0440\u0430\u0432\u043e\u0432\u044b\u043c \u0432\u043e\u043f\u0440\u043e\u0441\u0430\u043c \u0438 \u0440\u0443\u043a\u043e\u0432\u043e\u0434\u0438\u0442\u0435\u043b\u044c \u043e\u0442\u0434\u0435\u043b\u0430 \u0443\u043f\u0440\u0430\u0432\u043b\u0435\u043d\u0438\u044f \u0440\u0438\u0441\u043a\u0430\u043c\u0438 \u0438 \u043c\u0435\u0442\u043e\u0434\u0430\u043c\u0438 <br><br>.<\/li><\/ul><p><strong>\u041a\u043e\u0434\u0435\u043a\u0441 \u044d\u0442\u0438\u043a\u0438<\/strong><\/p><ul><li>Trabajamos en base a los<strong>\u00a0lineamientos establecidos en nuestro c\u00f3digo de \u00e9tica<\/strong>\u00a0que describen los comportamientos esperados de los colaboradores, tanto en la ejecuci\u00f3n de sus funciones, como en sus relaciones con otras partes interesadas.<\/li><li>Para reforzar sus contenidos y asegurar su cumplimiento,<strong>\u00a0dictamos charlas de los temas m\u00e1s relevantes<\/strong>\u00a0a nuestros colaboradores de todas las sedes.<br \/><br \/><\/li><\/ul><p>\u041e\u0417\u041d\u0410\u041a\u041e\u041c\u042c\u0422\u0415\u0421\u042c \u0421 \u041d\u0410\u0428\u0418\u041c \u042d\u0422\u0418\u0427\u0415\u0421\u041a\u0418\u041c \u041a\u041e\u0414\u0415\u041a\u0421\u041e\u041c (\u0438\u0437 PDF-\u0444\u0430\u0439\u043b\u0430)<\/p><p><strong>\u041a\u0430\u043d\u0430\u043b \u0436\u0430\u043b\u043e\u0431<\/strong><\/p><ul><li class=\" translation-block\">\u0412 \u0440\u0430\u043c\u043a\u0430\u0445 \u043f\u0440\u043e\u0433\u0440\u0430\u043c\u043c\u044b \u043f\u043e \u0443\u043a\u0440\u0435\u043f\u043b\u0435\u043d\u0438\u044e \u043d\u0430\u0448\u0435\u0439 \u043a\u043e\u0440\u043f\u043e\u0440\u0430\u0442\u0438\u0432\u043d\u043e\u0439 \u043a\u0443\u043b\u044c\u0442\u0443\u0440\u044b \u043c\u044b \u043f\u043b\u0430\u043d\u0438\u0440\u0443\u0435\u043c \u0437\u0430\u0441\u0442\u0430\u0432\u0438\u0442\u044c \u043d\u0430\u0448\u0438\u0445 \u0441\u043e\u0442\u0440\u0443\u0434\u043d\u0438\u043a\u043e\u0432 \u0443\u0447\u0430\u0441\u0442\u0432\u043e\u0432\u0430\u0442\u044c \u0432 \u0441\u043e\u0431\u043b\u044e\u0434\u0435\u043d\u0438\u0438 \u0446\u0435\u043d\u043d\u043e\u0441\u0442\u0435\u0439 PER\u00da FROST. \u041f\u043e\u044d\u0442\u043e\u043c\u0443 \u043c\u044b \u0441\u043e\u0437\u0434\u0430\u0435\u043c \u043f\u0440\u043e\u0441\u0442\u0440\u0430\u043d\u0441\u0442\u0432\u043e, \u0447\u0435\u0440\u0435\u0437 \u043a\u043e\u0442\u043e\u0440\u043e\u0435 \u043e\u043d\u0438 \u0441\u0430\u043c\u0438 \u0441\u043b\u0435\u0434\u044f\u0442 \u0437\u0430 \u0442\u0435\u043c, \u0447\u0442\u043e\u0431\u044b \u043f\u0440\u0438\u043d\u0446\u0438\u043f\u044b \u043d\u0435 \u043d\u0430\u0440\u0443\u0448\u0430\u043b\u0438\u0441\u044c, \u0438 \u0441\u043e\u043e\u0431\u0449\u0430\u044e\u0442 \u043e \u0441\u0438\u0442\u0443\u0430\u0446\u0438\u044f\u0445. \u043a\u043e\u0442\u043e\u0440\u044b\u0435 \u043d\u0430\u0440\u0443\u0448\u0430\u044e\u0442 \u044d\u0442\u0438\u043a\u0443 \u0432 \u043d\u0430\u0448\u0435\u0439 \u0434\u0435\u044f\u0442\u0435\u043b\u044c\u043d\u043e\u0441\u0442\u0438.<\/li><li class=\" translation-block\">\u041a\u0430\u043d\u0430\u043b \u0441\u043e\u043e\u0431\u0449\u0435\u043d\u0438\u0439, \u043a\u043e\u0442\u043e\u0440\u044b\u0439 \u0433\u0430\u0440\u0430\u043d\u0442\u0438\u0440\u0443\u0435\u0442, \u0447\u0442\u043e 100% \u0441\u043e\u043e\u0431\u0449\u0435\u043d\u0438\u0439 \u0431\u0443\u0434\u0443\u0442 \u043e\u0431\u0440\u0430\u0431\u043e\u0442\u0430\u043d\u044b \u0438 \u0447\u0442\u043e \u044d\u0442\u043e \u0431\u0443\u0434\u0435\u0442 \u0441\u0434\u0435\u043b\u0430\u043d\u043e \u0441 \u0441\u043e\u0431\u043b\u044e\u0434\u0435\u043d\u0438\u0435\u043c \u0441\u0430\u043c\u044b\u0445 \u0441\u0442\u0440\u043e\u0433\u0438\u0445 \u043f\u0430\u0440\u0430\u043c\u0435\u0442\u0440\u043e\u0432 \u043d\u0435\u0437\u0430\u0432\u0438\u0441\u0438\u043c\u043e\u0441\u0442\u0438 \u0438 \u043a\u043e\u043d\u0444\u0438\u0434\u0435\u043d\u0446\u0438\u0430\u043b\u044c\u043d\u043e\u0441\u0442\u0438.<\/li><\/ul>\t\t\t\t\t\t\t\t<\/div>\n\t\t\t\t<\/div>\n\t\t\t\t\t<\/div>\n\t\t\t\t<\/div>\n\t\t\t\t<\/div>","protected":false},"excerpt":{"rendered":"<p>En PER\u00da FROST, el\u00a0compromiso con un negocio honesto e \u00edntegro\u00a0es un pilar fundamental para nuestra estrategia corporativa. Desarrollamos todas nuestras actividades bajo el firme convencimiento de que un\u00a0comportamiento \u00e9tico y transparente es clave\u00a0para el\u00a0\u00e9xito de nuestro negocio. Por ello, mantenemos diferentes canales que garantizan que las acciones de nuestro equipo de trabajo sigan estos lineamientos. [&hellip;]<\/p>","protected":false},"author":1,"featured_media":0,"parent":0,"menu_order":0,"comment_status":"closed","ping_status":"closed","template":"elementor_header_footer","meta":{"footnotes":""},"class_list":["post-3120","page","type-page","status-publish","hentry"],"yoast_head":"<!-- This site is optimized with the Yoast SEO plugin v24.8.1 - https:\/\/yoast.com\/wordpress\/plugins\/seo\/ -->\n<title>Gesti\u00f3n \u00c9tica - Per\u00fa Frost<\/title>\n<meta name=\"robots\" content=\"noindex, follow, max-snippet:-1, max-image-preview:large, max-video-preview:-1\" \/>\n<meta property=\"og:locale\" content=\"ru_RU\" \/>\n<meta property=\"og:type\" content=\"article\" \/>\n<meta property=\"og:title\" content=\"Gesti\u00f3n \u00c9tica - Per\u00fa Frost\" \/>\n<meta property=\"og:description\" content=\"En PER\u00da FROST, el\u00a0compromiso con un negocio honesto e \u00edntegro\u00a0es un pilar fundamental para nuestra estrategia corporativa. Desarrollamos todas nuestras actividades bajo el firme convencimiento de que un\u00a0comportamiento \u00e9tico y transparente es clave\u00a0para el\u00a0\u00e9xito de nuestro negocio. Por ello, mantenemos diferentes canales que garantizan que las acciones de nuestro equipo de trabajo sigan estos lineamientos. [&hellip;]\" \/>\n<meta property=\"og:url\" content=\"https:\/\/pfrost.atiksoluciones.com\/ru\/gestion-etica\/\" \/>\n<meta property=\"og:site_name\" content=\"Per\u00fa Frost\" \/>\n<meta property=\"article:modified_time\" content=\"2024-08-15T20:26:33+00:00\" \/>\n<meta name=\"twitter:card\" content=\"summary_large_image\" \/>\n<meta name=\"twitter:label1\" content=\"\u041f\u0440\u0438\u043c\u0435\u0440\u043d\u043e\u0435 \u0432\u0440\u0435\u043c\u044f \u0434\u043b\u044f \u0447\u0442\u0435\u043d\u0438\u044f\" \/>\n\t<meta name=\"twitter:data1\" content=\"2 \u043c\u0438\u043d\u0443\u0442\u044b\" \/>\n<script type=\"application\/ld+json\" class=\"yoast-schema-graph\">{\"@context\":\"https:\/\/schema.org\",\"@graph\":[{\"@type\":\"WebPage\",\"@id\":\"https:\/\/pfrost.atiksoluciones.com\/gestion-etica\/\",\"url\":\"https:\/\/pfrost.atiksoluciones.com\/gestion-etica\/\",\"name\":\"Gesti\u00f3n \u00c9tica - Per\u00fa Frost\",\"isPartOf\":{\"@id\":\"https:\/\/pfrost.atiksoluciones.com\/#website\"},\"datePublished\":\"2024-08-15T20:20:27+00:00\",\"dateModified\":\"2024-08-15T20:26:33+00:00\",\"breadcrumb\":{\"@id\":\"https:\/\/pfrost.atiksoluciones.com\/gestion-etica\/#breadcrumb\"},\"inLanguage\":\"ru-RU\",\"potentialAction\":[{\"@type\":\"ReadAction\",\"target\":[\"https:\/\/pfrost.atiksoluciones.com\/gestion-etica\/\"]}]},{\"@type\":\"BreadcrumbList\",\"@id\":\"https:\/\/pfrost.atiksoluciones.com\/gestion-etica\/#breadcrumb\",\"itemListElement\":[{\"@type\":\"ListItem\",\"position\":1,\"name\":\"Home\",\"item\":\"https:\/\/pfrost.atiksoluciones.com\/\"},{\"@type\":\"ListItem\",\"position\":2,\"name\":\"Gesti\u00f3n \u00c9tica\"}]},{\"@type\":\"WebSite\",\"@id\":\"https:\/\/pfrost.atiksoluciones.com\/#website\",\"url\":\"https:\/\/pfrost.atiksoluciones.com\/\",\"name\":\"Per\u00fa Frost\",\"description\":\"Per\u00fa Frost\",\"publisher\":{\"@id\":\"https:\/\/pfrost.atiksoluciones.com\/#organization\"},\"potentialAction\":[{\"@type\":\"SearchAction\",\"target\":{\"@type\":\"EntryPoint\",\"urlTemplate\":\"https:\/\/pfrost.atiksoluciones.com\/?s={search_term_string}\"},\"query-input\":{\"@type\":\"PropertyValueSpecification\",\"valueRequired\":true,\"valueName\":\"search_term_string\"}}],\"inLanguage\":\"ru-RU\"},{\"@type\":\"Organization\",\"@id\":\"https:\/\/pfrost.atiksoluciones.com\/#organization\",\"name\":\"Per\u00fa Frost\",\"url\":\"https:\/\/pfrost.atiksoluciones.com\/\",\"logo\":{\"@type\":\"ImageObject\",\"inLanguage\":\"ru-RU\",\"@id\":\"https:\/\/pfrost.atiksoluciones.com\/#\/schema\/logo\/image\/\",\"url\":\"https:\/\/pfrost.atiksoluciones.com\/wp-content\/uploads\/2022\/04\/logo-1.png\",\"contentUrl\":\"https:\/\/pfrost.atiksoluciones.com\/wp-content\/uploads\/2022\/04\/logo-1.png\",\"width\":254,\"height\":56,\"caption\":\"Per\u00fa Frost\"},\"image\":{\"@id\":\"https:\/\/pfrost.atiksoluciones.com\/#\/schema\/logo\/image\/\"}}]}<\/script>\n<!-- \/ Yoast SEO plugin. -->","yoast_head_json":{"title":"Gesti\u00f3n \u00c9tica - Per\u00fa Frost","robots":{"index":"noindex","follow":"follow","max-snippet":"max-snippet:-1","max-image-preview":"max-image-preview:large","max-video-preview":"max-video-preview:-1"},"og_locale":"ru_RU","og_type":"article","og_title":"Gesti\u00f3n \u00c9tica - Per\u00fa Frost","og_description":"En PER\u00da FROST, el\u00a0compromiso con un negocio honesto e \u00edntegro\u00a0es un pilar fundamental para nuestra estrategia corporativa. Desarrollamos todas nuestras actividades bajo el firme convencimiento de que un\u00a0comportamiento \u00e9tico y transparente es clave\u00a0para el\u00a0\u00e9xito de nuestro negocio. Por ello, mantenemos diferentes canales que garantizan que las acciones de nuestro equipo de trabajo sigan estos lineamientos. [&hellip;]","og_url":"https:\/\/pfrost.atiksoluciones.com\/ru\/gestion-etica\/","og_site_name":"Per\u00fa Frost","article_modified_time":"2024-08-15T20:26:33+00:00","twitter_card":"summary_large_image","twitter_misc":{"\u041f\u0440\u0438\u043c\u0435\u0440\u043d\u043e\u0435 \u0432\u0440\u0435\u043c\u044f \u0434\u043b\u044f \u0447\u0442\u0435\u043d\u0438\u044f":"2 \u043c\u0438\u043d\u0443\u0442\u044b"},"schema":{"@context":"https:\/\/schema.org","@graph":[{"@type":"WebPage","@id":"https:\/\/pfrost.atiksoluciones.com\/gestion-etica\/","url":"https:\/\/pfrost.atiksoluciones.com\/gestion-etica\/","name":"Gesti\u00f3n \u00c9tica - Per\u00fa Frost","isPartOf":{"@id":"https:\/\/pfrost.atiksoluciones.com\/#website"},"datePublished":"2024-08-15T20:20:27+00:00","dateModified":"2024-08-15T20:26:33+00:00","breadcrumb":{"@id":"https:\/\/pfrost.atiksoluciones.com\/gestion-etica\/#breadcrumb"},"inLanguage":"ru-RU","potentialAction":[{"@type":"ReadAction","target":["https:\/\/pfrost.atiksoluciones.com\/gestion-etica\/"]}]},{"@type":"BreadcrumbList","@id":"https:\/\/pfrost.atiksoluciones.com\/gestion-etica\/#breadcrumb","itemListElement":[{"@type":"ListItem","position":1,"name":"Home","item":"https:\/\/pfrost.atiksoluciones.com\/"},{"@type":"ListItem","position":2,"name":"Gesti\u00f3n \u00c9tica"}]},{"@type":"WebSite","@id":"https:\/\/pfrost.atiksoluciones.com\/#website","url":"https:\/\/pfrost.atiksoluciones.com\/","name":"Per\u00fa Frost","description":"Per\u00fa Frost","publisher":{"@id":"https:\/\/pfrost.atiksoluciones.com\/#organization"},"potentialAction":[{"@type":"SearchAction","target":{"@type":"EntryPoint","urlTemplate":"https:\/\/pfrost.atiksoluciones.com\/?s={search_term_string}"},"query-input":{"@type":"PropertyValueSpecification","valueRequired":true,"valueName":"search_term_string"}}],"inLanguage":"ru-RU"},{"@type":"Organization","@id":"https:\/\/pfrost.atiksoluciones.com\/#organization","name":"Per\u00fa Frost","url":"https:\/\/pfrost.atiksoluciones.com\/","logo":{"@type":"ImageObject","inLanguage":"ru-RU","@id":"https:\/\/pfrost.atiksoluciones.com\/#\/schema\/logo\/image\/","url":"https:\/\/pfrost.atiksoluciones.com\/wp-content\/uploads\/2022\/04\/logo-1.png","contentUrl":"https:\/\/pfrost.atiksoluciones.com\/wp-content\/uploads\/2022\/04\/logo-1.png","width":254,"height":56,"caption":"Per\u00fa Frost"},"image":{"@id":"https:\/\/pfrost.atiksoluciones.com\/#\/schema\/logo\/image\/"}}]}},"_links":{"self":[{"href":"https:\/\/pfrost.atiksoluciones.com\/ru\/wp-json\/wp\/v2\/pages\/3120","targetHints":{"allow":["GET"]}}],"collection":[{"href":"https:\/\/pfrost.atiksoluciones.com\/ru\/wp-json\/wp\/v2\/pages"}],"about":[{"href":"https:\/\/pfrost.atiksoluciones.com\/ru\/wp-json\/wp\/v2\/types\/page"}],"author":[{"embeddable":true,"href":"https:\/\/pfrost.atiksoluciones.com\/ru\/wp-json\/wp\/v2\/users\/1"}],"replies":[{"embeddable":true,"href":"https:\/\/pfrost.atiksoluciones.com\/ru\/wp-json\/wp\/v2\/comments?post=3120"}],"version-history":[{"count":22,"href":"https:\/\/pfrost.atiksoluciones.com\/ru\/wp-json\/wp\/v2\/pages\/3120\/revisions"}],"predecessor-version":[{"id":3143,"href":"https:\/\/pfrost.atiksoluciones.com\/ru\/wp-json\/wp\/v2\/pages\/3120\/revisions\/3143"}],"wp:attachment":[{"href":"https:\/\/pfrost.atiksoluciones.com\/ru\/wp-json\/wp\/v2\/media?parent=3120"}],"curies":[{"name":"wp","href":"https:\/\/api.w.org\/{rel}","templated":true}]}}