{"id":2324,"date":"2024-07-25T16:07:39","date_gmt":"2024-07-25T21:07:39","guid":{"rendered":"https:\/\/pfrost.atiksoluciones.com\/?page_id=2324"},"modified":"2025-01-10T20:47:35","modified_gmt":"2025-01-11T01:47:35","slug":"tentaculo-reproductor","status":"publish","type":"page","link":"https:\/\/pfrost.atiksoluciones.com\/ru\/productos\/pota-2\/tentaculo-reproductor\/","title":{"rendered":"Tent\u00e1culo reproductor"},"content":{"rendered":"<div data-elementor-type=\"wp-page\" data-elementor-id=\"2324\" class=\"elementor elementor-2324\" data-elementor-post-type=\"page\">\n\t\t\t\t<div class=\"elementor-element elementor-element-01756e1 e-flex e-con-boxed e-con e-parent\" data-id=\"01756e1\" data-element_type=\"container\" data-settings=\"{&quot;background_background&quot;:&quot;classic&quot;}\">\n\t\t\t\t\t<div class=\"e-con-inner\">\n\t\t<div class=\"elementor-element elementor-element-9e9e93e e-con-full e-flex e-con e-child\" data-id=\"9e9e93e\" data-element_type=\"container\">\n\t\t\t\t<div class=\"elementor-element elementor-element-73aa5fd elementor-widget__width-initial elementor-widget-mobile__width-inherit elementor-invisible elementor-widget elementor-widget-heading\" data-id=\"73aa5fd\" data-element_type=\"widget\" data-settings=\"{&quot;_animation&quot;:&quot;fadeInUp&quot;}\" data-widget_type=\"heading.default\">\n\t\t\t\t<div class=\"elementor-widget-container\">\n\t\t\t\t\t<h2 class=\"elementor-heading-title elementor-size-default\">\u041a\u0430\u043b\u044c\u043c\u0430\u0440<\/h2>\t\t\t\t<\/div>\n\t\t\t\t<\/div>\n\t\t\t\t<div class=\"elementor-element elementor-element-38467da elementor-widget-divider--view-line elementor-widget elementor-widget-divider\" data-id=\"38467da\" data-element_type=\"widget\" data-widget_type=\"divider.default\">\n\t\t\t\t<div class=\"elementor-widget-container\">\n\t\t\t\t\t\t\t<div class=\"elementor-divider\">\n\t\t\t<span class=\"elementor-divider-separator\">\n\t\t\t\t\t\t<\/span>\n\t\t<\/div>\n\t\t\t\t\t\t<\/div>\n\t\t\t\t<\/div>\n\t\t\t\t<\/div>\n\t\t<div class=\"elementor-element elementor-element-6c4a404 e-con-full elementor-hidden-mobile e-flex e-con e-child\" data-id=\"6c4a404\" data-element_type=\"container\" data-settings=\"{&quot;background_background&quot;:&quot;classic&quot;}\">\n\t\t\t\t<\/div>\n\t\t\t\t\t<\/div>\n\t\t\t\t<\/div>\n\t\t<div class=\"elementor-element elementor-element-a0e9efb e-flex e-con-boxed e-con e-parent\" data-id=\"a0e9efb\" data-element_type=\"container\">\n\t\t\t\t\t<div class=\"e-con-inner\">\n\t\t<div class=\"elementor-element elementor-element-6127f9b e-con-full e-flex e-con e-child\" data-id=\"6127f9b\" data-element_type=\"container\">\n\t\t\t\t<div class=\"elementor-element elementor-element-6d71530 elementor-widget elementor-widget-image\" data-id=\"6d71530\" data-element_type=\"widget\" data-widget_type=\"image.default\">\n\t\t\t\t<div class=\"elementor-widget-container\">\n\t\t\t\t\t\t\t\t\t\t\t\t\t\t\t<img fetchpriority=\"high\" decoding=\"async\" width=\"800\" height=\"800\" src=\"https:\/\/pfrost.atiksoluciones.com\/wp-content\/uploads\/2024\/07\/pota.jpg.jpeg\" class=\"attachment-full size-full wp-image-2426\" alt=\"\" srcset=\"https:\/\/pfrost.atiksoluciones.com\/wp-content\/uploads\/2024\/07\/pota.jpg.jpeg 800w, https:\/\/pfrost.atiksoluciones.com\/wp-content\/uploads\/2024\/07\/pota.jpg-300x300.jpeg 300w, https:\/\/pfrost.atiksoluciones.com\/wp-content\/uploads\/2024\/07\/pota.jpg-150x150.jpeg 150w, https:\/\/pfrost.atiksoluciones.com\/wp-content\/uploads\/2024\/07\/pota.jpg-768x768.jpeg 768w, https:\/\/pfrost.atiksoluciones.com\/wp-content\/uploads\/2024\/07\/pota.jpg-12x12.jpeg 12w\" sizes=\"(max-width: 800px) 100vw, 800px\" \/>\t\t\t\t\t\t\t\t\t\t\t\t\t\t\t<\/div>\n\t\t\t\t<\/div>\n\t\t\t\t<\/div>\n\t\t<div class=\"elementor-element elementor-element-fece567 e-con-full e-flex e-con e-child\" data-id=\"fece567\" data-element_type=\"container\">\n\t\t\t\t<div class=\"elementor-element elementor-element-b935560 elementor-widget__width-initial elementor-widget-mobile__width-inherit elementor-invisible elementor-widget elementor-widget-heading\" data-id=\"b935560\" data-element_type=\"widget\" data-settings=\"{&quot;_animation&quot;:&quot;fadeInUp&quot;}\" data-widget_type=\"heading.default\">\n\t\t\t\t<div class=\"elementor-widget-container\">\n\t\t\t\t\t<h1 class=\"elementor-heading-title elementor-size-default\">reproductores congelados<\/h1>\t\t\t\t<\/div>\n\t\t\t\t<\/div>\n\t\t\t\t<div class=\"elementor-element elementor-element-8d4aff5 elementor-widget-divider--view-line elementor-widget elementor-widget-divider\" data-id=\"8d4aff5\" data-element_type=\"widget\" data-widget_type=\"divider.default\">\n\t\t\t\t<div class=\"elementor-widget-container\">\n\t\t\t\t\t\t\t<div class=\"elementor-divider\">\n\t\t\t<span class=\"elementor-divider-separator\">\n\t\t\t\t\t\t<\/span>\n\t\t<\/div>\n\t\t\t\t\t\t<\/div>\n\t\t\t\t<\/div>\n\t\t\t\t<div class=\"elementor-element elementor-element-3063830 elementor-widget elementor-widget-heading\" data-id=\"3063830\" data-element_type=\"widget\" data-widget_type=\"heading.default\">\n\t\t\t\t<div class=\"elementor-widget-container\">\n\t\t\t\t\t<p class=\"elementor-heading-title elementor-size-default\">\u0414\u0435\u0442\u0430\u043b\u0438 \u043f\u0440\u043e\u0434\u0443\u043a\u0442\u0430<\/p>\t\t\t\t<\/div>\n\t\t\t\t<\/div>\n\t\t\t\t<div class=\"elementor-element elementor-element-86bb3fe elementor-widget__width-initial elementor-widget elementor-widget-text-editor\" data-id=\"86bb3fe\" data-element_type=\"widget\" data-widget_type=\"text-editor.default\">\n\t\t\t\t<div class=\"elementor-widget-container\">\n\t\t\t\t\t\t\t\t\t<ul><li>Nombre Cient\u00edfico: Dosidicus gigas<\/li><li>Presentaci\u00f3n: Congelado en block 7 kg, peso neto\/saco 21 kg<\/li><\/ul>\t\t\t\t\t\t\t\t<\/div>\n\t\t\t\t<\/div>\n\t\t<div class=\"elementor-element elementor-element-d7aa52f e-con-full e-flex e-con e-child\" data-id=\"d7aa52f\" data-element_type=\"container\">\n\t\t\t\t<div class=\"elementor-element elementor-element-798cdad elementor-widget elementor-widget-button\" data-id=\"798cdad\" data-element_type=\"widget\" data-widget_type=\"button.default\">\n\t\t\t\t<div class=\"elementor-widget-container\">\n\t\t\t\t\t\t\t\t\t<div class=\"elementor-button-wrapper\">\n\t\t\t\t\t<a class=\"elementor-button elementor-button-link elementor-size-sm\" href=\"#elementor-action:action=popup:open&settings=eyJpZCI6IjIzNjEiLCJ0b2dnbGUiOmZhbHNlfQ==\">\n\t\t\t\t\t\t<span class=\"elementor-button-content-wrapper\">\n\t\t\t\t\t\t\t\t\t<span class=\"elementor-button-text\">\u0417\u0430\u043a\u0430\u0437\u0430\u0442\u044c \u0442\u043e\u0432\u0430\u0440<\/span>\n\t\t\t\t\t<\/span>\n\t\t\t\t\t<\/a>\n\t\t\t\t<\/div>\n\t\t\t\t\t\t\t\t<\/div>\n\t\t\t\t<\/div>\n\t\t\t\t<div class=\"elementor-element elementor-element-3a78b63 elementor-widget elementor-widget-button\" data-id=\"3a78b63\" data-element_type=\"widget\" data-widget_type=\"button.default\">\n\t\t\t\t<div class=\"elementor-widget-container\">\n\t\t\t\t\t\t\t\t\t<div class=\"elementor-button-wrapper\">\n\t\t\t\t\t<a class=\"elementor-button elementor-button-link elementor-size-sm\" href=\"https:\/\/drive.google.com\/file\/d\/17yrLwPUO3PKF35qajCeeRyripir4dstU\/view?usp=sharing\">\n\t\t\t\t\t\t<span class=\"elementor-button-content-wrapper\">\n\t\t\t\t\t\t\t\t\t<span class=\"elementor-button-text\">\u0421\u043a\u0430\u0447\u0430\u0442\u044c<\/span>\n\t\t\t\t\t<\/span>\n\t\t\t\t\t<\/a>\n\t\t\t\t<\/div>\n\t\t\t\t\t\t\t\t<\/div>\n\t\t\t\t<\/div>\n\t\t\t\t<\/div>\n\t\t\t\t<\/div>\n\t\t\t\t\t<\/div>\n\t\t\t\t<\/div>\n\t\t\t\t<\/div>","protected":false},"excerpt":{"rendered":"<p>POTA reproductores congelados Detalles de producto Nombre Cient\u00edfico: Dosidicus gigas Presentaci\u00f3n: Congelado en block 7 kg, peso neto\/saco 21 kg Solicitar producto Descargar<\/p>","protected":false},"author":1,"featured_media":0,"parent":2095,"menu_order":0,"comment_status":"closed","ping_status":"closed","template":"elementor_header_footer","meta":{"footnotes":""},"class_list":["post-2324","page","type-page","status-publish","hentry"],"yoast_head":"<!-- This site is optimized with the Yoast SEO plugin v24.8.1 - https:\/\/yoast.com\/wordpress\/plugins\/seo\/ -->\n<title>Tent\u00e1culo reproductor - Per\u00fa Frost<\/title>\n<meta name=\"robots\" content=\"noindex, follow, max-snippet:-1, max-image-preview:large, max-video-preview:-1\" \/>\n<meta property=\"og:locale\" content=\"ru_RU\" \/>\n<meta property=\"og:type\" content=\"article\" \/>\n<meta property=\"og:title\" content=\"Tent\u00e1culo reproductor - Per\u00fa Frost\" \/>\n<meta property=\"og:description\" content=\"POTA reproductores congelados Detalles de producto Nombre Cient\u00edfico: Dosidicus gigas Presentaci\u00f3n: Congelado en block 7 kg, peso neto\/saco 21 kg Solicitar producto Descargar\" \/>\n<meta property=\"og:url\" content=\"https:\/\/pfrost.atiksoluciones.com\/ru\/productos\/pota-2\/tentaculo-reproductor\/\" \/>\n<meta property=\"og:site_name\" content=\"Per\u00fa Frost\" \/>\n<meta property=\"article:modified_time\" content=\"2025-01-11T01:47:35+00:00\" \/>\n<meta property=\"og:image\" content=\"https:\/\/pfrost.atiksoluciones.com\/wp-content\/uploads\/2024\/07\/pota.jpg.jpeg\" \/>\n\t<meta property=\"og:image:width\" content=\"800\" \/>\n\t<meta property=\"og:image:height\" content=\"800\" \/>\n\t<meta property=\"og:image:type\" content=\"image\/jpeg\" \/>\n<meta name=\"twitter:card\" content=\"summary_large_image\" \/>\n<meta name=\"twitter:label1\" content=\"\u041f\u0440\u0438\u043c\u0435\u0440\u043d\u043e\u0435 \u0432\u0440\u0435\u043c\u044f \u0434\u043b\u044f \u0447\u0442\u0435\u043d\u0438\u044f\" \/>\n\t<meta name=\"twitter:data1\" content=\"1 \u043c\u0438\u043d\u0443\u0442\u0430\" \/>\n<script type=\"application\/ld+json\" class=\"yoast-schema-graph\">{\"@context\":\"https:\/\/schema.org\",\"@graph\":[{\"@type\":\"WebPage\",\"@id\":\"https:\/\/pfrost.atiksoluciones.com\/productos\/pota-2\/tentaculo-reproductor\/\",\"url\":\"https:\/\/pfrost.atiksoluciones.com\/productos\/pota-2\/tentaculo-reproductor\/\",\"name\":\"Tent\u00e1culo reproductor - Per\u00fa Frost\",\"isPartOf\":{\"@id\":\"https:\/\/pfrost.atiksoluciones.com\/#website\"},\"primaryImageOfPage\":{\"@id\":\"https:\/\/pfrost.atiksoluciones.com\/productos\/pota-2\/tentaculo-reproductor\/#primaryimage\"},\"image\":{\"@id\":\"https:\/\/pfrost.atiksoluciones.com\/productos\/pota-2\/tentaculo-reproductor\/#primaryimage\"},\"thumbnailUrl\":\"https:\/\/pfrost.atiksoluciones.com\/wp-content\/uploads\/2024\/07\/pota.jpg.jpeg\",\"datePublished\":\"2024-07-25T21:07:39+00:00\",\"dateModified\":\"2025-01-11T01:47:35+00:00\",\"breadcrumb\":{\"@id\":\"https:\/\/pfrost.atiksoluciones.com\/productos\/pota-2\/tentaculo-reproductor\/#breadcrumb\"},\"inLanguage\":\"ru-RU\",\"potentialAction\":[{\"@type\":\"ReadAction\",\"target\":[\"https:\/\/pfrost.atiksoluciones.com\/productos\/pota-2\/tentaculo-reproductor\/\"]}]},{\"@type\":\"ImageObject\",\"inLanguage\":\"ru-RU\",\"@id\":\"https:\/\/pfrost.atiksoluciones.com\/productos\/pota-2\/tentaculo-reproductor\/#primaryimage\",\"url\":\"https:\/\/pfrost.atiksoluciones.com\/wp-content\/uploads\/2024\/07\/pota.jpg.jpeg\",\"contentUrl\":\"https:\/\/pfrost.atiksoluciones.com\/wp-content\/uploads\/2024\/07\/pota.jpg.jpeg\"},{\"@type\":\"BreadcrumbList\",\"@id\":\"https:\/\/pfrost.atiksoluciones.com\/productos\/pota-2\/tentaculo-reproductor\/#breadcrumb\",\"itemListElement\":[{\"@type\":\"ListItem\",\"position\":1,\"name\":\"Home\",\"item\":\"https:\/\/pfrost.atiksoluciones.com\/\"},{\"@type\":\"ListItem\",\"position\":2,\"name\":\"Productos\",\"item\":\"https:\/\/pfrost.atiksoluciones.com\/productos\/\"},{\"@type\":\"ListItem\",\"position\":3,\"name\":\"Pota\",\"item\":\"https:\/\/pfrost.atiksoluciones.com\/productos\/pota-2\/\"},{\"@type\":\"ListItem\",\"position\":4,\"name\":\"Tent\u00e1culo reproductor\"}]},{\"@type\":\"WebSite\",\"@id\":\"https:\/\/pfrost.atiksoluciones.com\/#website\",\"url\":\"https:\/\/pfrost.atiksoluciones.com\/\",\"name\":\"Per\u00fa Frost\",\"description\":\"Per\u00fa Frost\",\"publisher\":{\"@id\":\"https:\/\/pfrost.atiksoluciones.com\/#organization\"},\"potentialAction\":[{\"@type\":\"SearchAction\",\"target\":{\"@type\":\"EntryPoint\",\"urlTemplate\":\"https:\/\/pfrost.atiksoluciones.com\/?s={search_term_string}\"},\"query-input\":{\"@type\":\"PropertyValueSpecification\",\"valueRequired\":true,\"valueName\":\"search_term_string\"}}],\"inLanguage\":\"ru-RU\"},{\"@type\":\"Organization\",\"@id\":\"https:\/\/pfrost.atiksoluciones.com\/#organization\",\"name\":\"Per\u00fa Frost\",\"url\":\"https:\/\/pfrost.atiksoluciones.com\/\",\"logo\":{\"@type\":\"ImageObject\",\"inLanguage\":\"ru-RU\",\"@id\":\"https:\/\/pfrost.atiksoluciones.com\/#\/schema\/logo\/image\/\",\"url\":\"https:\/\/pfrost.atiksoluciones.com\/wp-content\/uploads\/2022\/04\/logo-1.png\",\"contentUrl\":\"https:\/\/pfrost.atiksoluciones.com\/wp-content\/uploads\/2022\/04\/logo-1.png\",\"width\":254,\"height\":56,\"caption\":\"Per\u00fa Frost\"},\"image\":{\"@id\":\"https:\/\/pfrost.atiksoluciones.com\/#\/schema\/logo\/image\/\"}}]}<\/script>\n<!-- \/ Yoast SEO plugin. -->","yoast_head_json":{"title":"Tent\u00e1culo reproductor - Per\u00fa Frost","robots":{"index":"noindex","follow":"follow","max-snippet":"max-snippet:-1","max-image-preview":"max-image-preview:large","max-video-preview":"max-video-preview:-1"},"og_locale":"ru_RU","og_type":"article","og_title":"Tent\u00e1culo reproductor - Per\u00fa Frost","og_description":"POTA reproductores congelados Detalles de producto Nombre Cient\u00edfico: Dosidicus gigas Presentaci\u00f3n: Congelado en block 7 kg, peso neto\/saco 21 kg Solicitar producto Descargar","og_url":"https:\/\/pfrost.atiksoluciones.com\/ru\/productos\/pota-2\/tentaculo-reproductor\/","og_site_name":"Per\u00fa Frost","article_modified_time":"2025-01-11T01:47:35+00:00","og_image":[{"width":800,"height":800,"url":"https:\/\/pfrost.atiksoluciones.com\/wp-content\/uploads\/2024\/07\/pota.jpg.jpeg","type":"image\/jpeg"}],"twitter_card":"summary_large_image","twitter_misc":{"\u041f\u0440\u0438\u043c\u0435\u0440\u043d\u043e\u0435 \u0432\u0440\u0435\u043c\u044f \u0434\u043b\u044f \u0447\u0442\u0435\u043d\u0438\u044f":"1 \u043c\u0438\u043d\u0443\u0442\u0430"},"schema":{"@context":"https:\/\/schema.org","@graph":[{"@type":"WebPage","@id":"https:\/\/pfrost.atiksoluciones.com\/productos\/pota-2\/tentaculo-reproductor\/","url":"https:\/\/pfrost.atiksoluciones.com\/productos\/pota-2\/tentaculo-reproductor\/","name":"Tent\u00e1culo reproductor - Per\u00fa Frost","isPartOf":{"@id":"https:\/\/pfrost.atiksoluciones.com\/#website"},"primaryImageOfPage":{"@id":"https:\/\/pfrost.atiksoluciones.com\/productos\/pota-2\/tentaculo-reproductor\/#primaryimage"},"image":{"@id":"https:\/\/pfrost.atiksoluciones.com\/productos\/pota-2\/tentaculo-reproductor\/#primaryimage"},"thumbnailUrl":"https:\/\/pfrost.atiksoluciones.com\/wp-content\/uploads\/2024\/07\/pota.jpg.jpeg","datePublished":"2024-07-25T21:07:39+00:00","dateModified":"2025-01-11T01:47:35+00:00","breadcrumb":{"@id":"https:\/\/pfrost.atiksoluciones.com\/productos\/pota-2\/tentaculo-reproductor\/#breadcrumb"},"inLanguage":"ru-RU","potentialAction":[{"@type":"ReadAction","target":["https:\/\/pfrost.atiksoluciones.com\/productos\/pota-2\/tentaculo-reproductor\/"]}]},{"@type":"ImageObject","inLanguage":"ru-RU","@id":"https:\/\/pfrost.atiksoluciones.com\/productos\/pota-2\/tentaculo-reproductor\/#primaryimage","url":"https:\/\/pfrost.atiksoluciones.com\/wp-content\/uploads\/2024\/07\/pota.jpg.jpeg","contentUrl":"https:\/\/pfrost.atiksoluciones.com\/wp-content\/uploads\/2024\/07\/pota.jpg.jpeg"},{"@type":"BreadcrumbList","@id":"https:\/\/pfrost.atiksoluciones.com\/productos\/pota-2\/tentaculo-reproductor\/#breadcrumb","itemListElement":[{"@type":"ListItem","position":1,"name":"Home","item":"https:\/\/pfrost.atiksoluciones.com\/"},{"@type":"ListItem","position":2,"name":"Productos","item":"https:\/\/pfrost.atiksoluciones.com\/productos\/"},{"@type":"ListItem","position":3,"name":"Pota","item":"https:\/\/pfrost.atiksoluciones.com\/productos\/pota-2\/"},{"@type":"ListItem","position":4,"name":"Tent\u00e1culo reproductor"}]},{"@type":"WebSite","@id":"https:\/\/pfrost.atiksoluciones.com\/#website","url":"https:\/\/pfrost.atiksoluciones.com\/","name":"Per\u00fa Frost","description":"Per\u00fa Frost","publisher":{"@id":"https:\/\/pfrost.atiksoluciones.com\/#organization"},"potentialAction":[{"@type":"SearchAction","target":{"@type":"EntryPoint","urlTemplate":"https:\/\/pfrost.atiksoluciones.com\/?s={search_term_string}"},"query-input":{"@type":"PropertyValueSpecification","valueRequired":true,"valueName":"search_term_string"}}],"inLanguage":"ru-RU"},{"@type":"Organization","@id":"https:\/\/pfrost.atiksoluciones.com\/#organization","name":"Per\u00fa Frost","url":"https:\/\/pfrost.atiksoluciones.com\/","logo":{"@type":"ImageObject","inLanguage":"ru-RU","@id":"https:\/\/pfrost.atiksoluciones.com\/#\/schema\/logo\/image\/","url":"https:\/\/pfrost.atiksoluciones.com\/wp-content\/uploads\/2022\/04\/logo-1.png","contentUrl":"https:\/\/pfrost.atiksoluciones.com\/wp-content\/uploads\/2022\/04\/logo-1.png","width":254,"height":56,"caption":"Per\u00fa Frost"},"image":{"@id":"https:\/\/pfrost.atiksoluciones.com\/#\/schema\/logo\/image\/"}}]}},"_links":{"self":[{"href":"https:\/\/pfrost.atiksoluciones.com\/ru\/wp-json\/wp\/v2\/pages\/2324","targetHints":{"allow":["GET"]}}],"collection":[{"href":"https:\/\/pfrost.atiksoluciones.com\/ru\/wp-json\/wp\/v2\/pages"}],"about":[{"href":"https:\/\/pfrost.atiksoluciones.com\/ru\/wp-json\/wp\/v2\/types\/page"}],"author":[{"embeddable":true,"href":"https:\/\/pfrost.atiksoluciones.com\/ru\/wp-json\/wp\/v2\/users\/1"}],"replies":[{"embeddable":true,"href":"https:\/\/pfrost.atiksoluciones.com\/ru\/wp-json\/wp\/v2\/comments?post=2324"}],"version-history":[{"count":25,"href":"https:\/\/pfrost.atiksoluciones.com\/ru\/wp-json\/wp\/v2\/pages\/2324\/revisions"}],"predecessor-version":[{"id":3544,"href":"https:\/\/pfrost.atiksoluciones.com\/ru\/wp-json\/wp\/v2\/pages\/2324\/revisions\/3544"}],"up":[{"embeddable":true,"href":"https:\/\/pfrost.atiksoluciones.com\/ru\/wp-json\/wp\/v2\/pages\/2095"}],"wp:attachment":[{"href":"https:\/\/pfrost.atiksoluciones.com\/ru\/wp-json\/wp\/v2\/media?parent=2324"}],"curies":[{"name":"wp","href":"https:\/\/api.w.org\/{rel}","templated":true}]}}