{"id":2188,"date":"2024-07-24T16:46:30","date_gmt":"2024-07-24T21:46:30","guid":{"rendered":"https:\/\/pfrost.atiksoluciones.com\/?page_id=2188"},"modified":"2025-01-10T11:50:50","modified_gmt":"2025-01-10T16:50:50","slug":"langostino-2","status":"publish","type":"page","link":"https:\/\/pfrost.atiksoluciones.com\/ru\/productos\/langostino-2\/","title":{"rendered":"\u041a\u0440\u0435\u0432\u0435\u0442\u043a\u0430"},"content":{"rendered":"<div data-elementor-type=\"wp-page\" data-elementor-id=\"2188\" class=\"elementor elementor-2188\" data-elementor-post-type=\"page\">\n\t\t\t\t<div class=\"elementor-element elementor-element-01756e1 e-flex e-con-boxed e-con e-parent\" data-id=\"01756e1\" data-element_type=\"container\" data-settings=\"{&quot;background_background&quot;:&quot;classic&quot;}\">\n\t\t\t\t\t<div class=\"e-con-inner\">\n\t\t<div class=\"elementor-element elementor-element-9e9e93e e-con-full e-flex e-con e-child\" data-id=\"9e9e93e\" data-element_type=\"container\">\n\t\t\t\t<div class=\"elementor-element elementor-element-73aa5fd elementor-widget__width-initial elementor-widget-mobile__width-inherit elementor-invisible elementor-widget elementor-widget-heading\" data-id=\"73aa5fd\" data-element_type=\"widget\" data-settings=\"{&quot;_animation&quot;:&quot;fadeInUp&quot;}\" data-widget_type=\"heading.default\">\n\t\t\t\t<div class=\"elementor-widget-container\">\n\t\t\t\t\t<h1 class=\"elementor-heading-title elementor-size-default\">\u041a\u0440\u0435\u0432\u0435\u0442\u043a\u0430<\/h1>\t\t\t\t<\/div>\n\t\t\t\t<\/div>\n\t\t\t\t<div class=\"elementor-element elementor-element-38467da elementor-widget-divider--view-line elementor-widget elementor-widget-divider\" data-id=\"38467da\" data-element_type=\"widget\" data-widget_type=\"divider.default\">\n\t\t\t\t<div class=\"elementor-widget-container\">\n\t\t\t\t\t\t\t<div class=\"elementor-divider\">\n\t\t\t<span class=\"elementor-divider-separator\">\n\t\t\t\t\t\t<\/span>\n\t\t<\/div>\n\t\t\t\t\t\t<\/div>\n\t\t\t\t<\/div>\n\t\t\t\t<div class=\"elementor-element elementor-element-331a4ba elementor-widget elementor-widget-text-editor\" data-id=\"331a4ba\" data-element_type=\"widget\" data-widget_type=\"text-editor.default\">\n\t\t\t\t<div class=\"elementor-widget-container\">\n\t\t\t\t\t\t\t\t\t\u041b\u0430\u043d\u0433\u043e\u0441\u0442\u0438\u043d\u043e - \u044d\u0442\u043e \u0434\u0435\u0441\u044f\u0442\u0438\u0447\u043d\u0430\u044f \u043a\u043e\u0440\u043a\u0430, \u0441\u043e\u0441\u0442\u043e\u044f\u0449\u0430\u044f \u0438\u0437 23-\u0441\u0430\u043d\u0442\u0438\u043c\u0435\u0442\u0440\u043e\u0432\u044b\u0445 \u043a\u0443\u0441\u043e\u0447\u043a\u043e\u0432 \u0445\u0430\u0441\u0442\u0430 \u0438 20 \u0433\u0440\u0430\u043c\u043c\u043e\u0432 \u043f\u0435\u0441\u043e-\u0434\u0435-\u0445\u0430\u0441\u0442\u0430.\t\t\t\t\t\t\t\t<\/div>\n\t\t\t\t<\/div>\n\t\t\t\t<\/div>\n\t\t<div class=\"elementor-element elementor-element-6c4a404 e-con-full elementor-hidden-mobile e-flex e-con e-child\" data-id=\"6c4a404\" data-element_type=\"container\" data-settings=\"{&quot;background_background&quot;:&quot;classic&quot;}\">\n\t\t\t\t<\/div>\n\t\t\t\t\t<\/div>\n\t\t\t\t<\/div>\n\t\t<div class=\"elementor-element elementor-element-d9a3151 e-flex e-con-boxed e-con e-parent\" data-id=\"d9a3151\" data-element_type=\"container\">\n\t\t\t\t\t<div class=\"e-con-inner\">\n\t\t<div class=\"elementor-element elementor-element-897c061 e-con-full e-flex e-con e-child\" data-id=\"897c061\" data-element_type=\"container\" data-settings=\"{&quot;background_background&quot;:&quot;classic&quot;}\">\n\t\t\t\t<div class=\"elementor-element elementor-element-d0fbb50 elementor-widget elementor-widget-image\" data-id=\"d0fbb50\" data-element_type=\"widget\" data-widget_type=\"image.default\">\n\t\t\t\t<div class=\"elementor-widget-container\">\n\t\t\t\t\t\t\t\t\t\t\t\t\t\t\t<img fetchpriority=\"high\" decoding=\"async\" width=\"800\" height=\"800\" src=\"https:\/\/pfrost.atiksoluciones.com\/wp-content\/uploads\/2024\/07\/langostinos.jpg.crdownload.jpeg\" class=\"attachment-full size-full wp-image-2436\" alt=\"\" srcset=\"https:\/\/pfrost.atiksoluciones.com\/wp-content\/uploads\/2024\/07\/langostinos.jpg.crdownload.jpeg 800w, https:\/\/pfrost.atiksoluciones.com\/wp-content\/uploads\/2024\/07\/langostinos.jpg.crdownload-300x300.jpeg 300w, https:\/\/pfrost.atiksoluciones.com\/wp-content\/uploads\/2024\/07\/langostinos.jpg.crdownload-150x150.jpeg 150w, https:\/\/pfrost.atiksoluciones.com\/wp-content\/uploads\/2024\/07\/langostinos.jpg.crdownload-768x768.jpeg 768w, https:\/\/pfrost.atiksoluciones.com\/wp-content\/uploads\/2024\/07\/langostinos.jpg.crdownload-12x12.jpeg 12w\" sizes=\"(max-width: 800px) 100vw, 800px\" \/>\t\t\t\t\t\t\t\t\t\t\t\t\t\t\t<\/div>\n\t\t\t\t<\/div>\n\t\t<div class=\"elementor-element elementor-element-9eb4f98 e-con-full e-flex e-con e-child\" data-id=\"9eb4f98\" data-element_type=\"container\">\n\t\t\t\t<div class=\"elementor-element elementor-element-c350ff1 elementor-widget elementor-widget-heading\" data-id=\"c350ff1\" data-element_type=\"widget\" data-widget_type=\"heading.default\">\n\t\t\t\t<div class=\"elementor-widget-container\">\n\t\t\t\t\t<h2 class=\"elementor-heading-title elementor-size-default\">\u0426\u0435\u043b\u044b\u0439 <\/h2>\t\t\t\t<\/div>\n\t\t\t\t<\/div>\n\t\t\t\t<div class=\"elementor-element elementor-element-2fe010e elementor-widget elementor-widget-button\" data-id=\"2fe010e\" data-element_type=\"widget\" data-widget_type=\"button.default\">\n\t\t\t\t<div class=\"elementor-widget-container\">\n\t\t\t\t\t\t\t\t\t<div class=\"elementor-button-wrapper\">\n\t\t\t\t\t<a class=\"elementor-button elementor-button-link elementor-size-sm\" href=\"https:\/\/pfrost.atiksoluciones.com\/ru\/productos\/langostino-2\/entero\/\">\n\t\t\t\t\t\t<span class=\"elementor-button-content-wrapper\">\n\t\t\t\t\t\t<span class=\"elementor-button-icon\">\n\t\t\t\t<svg aria-hidden=\"true\" class=\"e-font-icon-svg e-fas-chevron-right\" viewbox=\"0 0 320 512\" xmlns=\"http:\/\/www.w3.org\/2000\/svg\"><path d=\"M285.476 272.971L91.132 467.314c-9.373 9.373-24.569 9.373-33.941 0l-22.667-22.667c-9.357-9.357-9.375-24.522-.04-33.901L188.505 256 34.484 101.255c-9.335-9.379-9.317-24.544.04-33.901l22.667-22.667c9.373-9.373 24.569-9.373 33.941 0L285.475 239.03c9.373 9.372 9.373 24.568.001 33.941z\"><\/path><\/svg>\t\t\t<\/span>\n\t\t\t\t\t\t\t\t\t<span class=\"elementor-button-text\">\u0421\u043c\u043e\u0442\u0440\u0435\u0442\u044c \u0431\u043e\u043b\u044c\u0448\u0435<\/span>\n\t\t\t\t\t<\/span>\n\t\t\t\t\t<\/a>\n\t\t\t\t<\/div>\n\t\t\t\t\t\t\t\t<\/div>\n\t\t\t\t<\/div>\n\t\t\t\t<\/div>\n\t\t\t\t<\/div>\n\t\t<div class=\"elementor-element elementor-element-4b91b9f e-con-full e-flex e-con e-child\" data-id=\"4b91b9f\" data-element_type=\"container\" data-settings=\"{&quot;background_background&quot;:&quot;classic&quot;}\">\n\t\t\t\t<div class=\"elementor-element elementor-element-c9c7d78 elementor-widget elementor-widget-image\" data-id=\"c9c7d78\" data-element_type=\"widget\" data-widget_type=\"image.default\">\n\t\t\t\t<div class=\"elementor-widget-container\">\n\t\t\t\t\t\t\t\t\t\t\t\t\t\t\t<img fetchpriority=\"high\" decoding=\"async\" width=\"800\" height=\"800\" src=\"https:\/\/pfrost.atiksoluciones.com\/wp-content\/uploads\/2024\/07\/langostinos.jpg.crdownload.jpeg\" class=\"attachment-full size-full wp-image-2436\" alt=\"\" srcset=\"https:\/\/pfrost.atiksoluciones.com\/wp-content\/uploads\/2024\/07\/langostinos.jpg.crdownload.jpeg 800w, https:\/\/pfrost.atiksoluciones.com\/wp-content\/uploads\/2024\/07\/langostinos.jpg.crdownload-300x300.jpeg 300w, https:\/\/pfrost.atiksoluciones.com\/wp-content\/uploads\/2024\/07\/langostinos.jpg.crdownload-150x150.jpeg 150w, https:\/\/pfrost.atiksoluciones.com\/wp-content\/uploads\/2024\/07\/langostinos.jpg.crdownload-768x768.jpeg 768w, https:\/\/pfrost.atiksoluciones.com\/wp-content\/uploads\/2024\/07\/langostinos.jpg.crdownload-12x12.jpeg 12w\" sizes=\"(max-width: 800px) 100vw, 800px\" \/>\t\t\t\t\t\t\t\t\t\t\t\t\t\t\t<\/div>\n\t\t\t\t<\/div>\n\t\t<div class=\"elementor-element elementor-element-0f4992e e-con-full e-flex e-con e-child\" data-id=\"0f4992e\" data-element_type=\"container\">\n\t\t\t\t<div class=\"elementor-element elementor-element-f7c8bd9 elementor-widget elementor-widget-heading\" data-id=\"f7c8bd9\" data-element_type=\"widget\" data-widget_type=\"heading.default\">\n\t\t\t\t<div class=\"elementor-widget-container\">\n\t\t\t\t\t<h2 class=\"elementor-heading-title elementor-size-default\">cola pelada<\/h2>\t\t\t\t<\/div>\n\t\t\t\t<\/div>\n\t\t\t\t<div class=\"elementor-element elementor-element-1b7de3c elementor-widget elementor-widget-button\" data-id=\"1b7de3c\" data-element_type=\"widget\" data-widget_type=\"button.default\">\n\t\t\t\t<div class=\"elementor-widget-container\">\n\t\t\t\t\t\t\t\t\t<div class=\"elementor-button-wrapper\">\n\t\t\t\t\t<a class=\"elementor-button elementor-button-link elementor-size-sm\" href=\"https:\/\/pfrost.atiksoluciones.com\/ru\/productos\/langostino-2\/cola-cocida\/\">\n\t\t\t\t\t\t<span class=\"elementor-button-content-wrapper\">\n\t\t\t\t\t\t<span class=\"elementor-button-icon\">\n\t\t\t\t<svg aria-hidden=\"true\" class=\"e-font-icon-svg e-fas-chevron-right\" viewbox=\"0 0 320 512\" xmlns=\"http:\/\/www.w3.org\/2000\/svg\"><path d=\"M285.476 272.971L91.132 467.314c-9.373 9.373-24.569 9.373-33.941 0l-22.667-22.667c-9.357-9.357-9.375-24.522-.04-33.901L188.505 256 34.484 101.255c-9.335-9.379-9.317-24.544.04-33.901l22.667-22.667c9.373-9.373 24.569-9.373 33.941 0L285.475 239.03c9.373 9.372 9.373 24.568.001 33.941z\"><\/path><\/svg>\t\t\t<\/span>\n\t\t\t\t\t\t\t\t\t<span class=\"elementor-button-text\">\u0421\u043c\u043e\u0442\u0440\u0435\u0442\u044c \u0431\u043e\u043b\u044c\u0448\u0435<\/span>\n\t\t\t\t\t<\/span>\n\t\t\t\t\t<\/a>\n\t\t\t\t<\/div>\n\t\t\t\t\t\t\t\t<\/div>\n\t\t\t\t<\/div>\n\t\t\t\t<\/div>\n\t\t\t\t<\/div>\n\t\t<div class=\"elementor-element elementor-element-0dec69c e-con-full e-flex e-con e-child\" data-id=\"0dec69c\" data-element_type=\"container\" data-settings=\"{&quot;background_background&quot;:&quot;classic&quot;}\">\n\t\t\t\t<div class=\"elementor-element elementor-element-5c011a0 elementor-widget elementor-widget-image\" data-id=\"5c011a0\" data-element_type=\"widget\" data-widget_type=\"image.default\">\n\t\t\t\t<div class=\"elementor-widget-container\">\n\t\t\t\t\t\t\t\t\t\t\t\t\t\t\t<img fetchpriority=\"high\" decoding=\"async\" width=\"800\" height=\"800\" src=\"https:\/\/pfrost.atiksoluciones.com\/wp-content\/uploads\/2024\/07\/langostinos.jpg.crdownload.jpeg\" class=\"attachment-full size-full wp-image-2436\" alt=\"\" srcset=\"https:\/\/pfrost.atiksoluciones.com\/wp-content\/uploads\/2024\/07\/langostinos.jpg.crdownload.jpeg 800w, https:\/\/pfrost.atiksoluciones.com\/wp-content\/uploads\/2024\/07\/langostinos.jpg.crdownload-300x300.jpeg 300w, https:\/\/pfrost.atiksoluciones.com\/wp-content\/uploads\/2024\/07\/langostinos.jpg.crdownload-150x150.jpeg 150w, https:\/\/pfrost.atiksoluciones.com\/wp-content\/uploads\/2024\/07\/langostinos.jpg.crdownload-768x768.jpeg 768w, https:\/\/pfrost.atiksoluciones.com\/wp-content\/uploads\/2024\/07\/langostinos.jpg.crdownload-12x12.jpeg 12w\" sizes=\"(max-width: 800px) 100vw, 800px\" \/>\t\t\t\t\t\t\t\t\t\t\t\t\t\t\t<\/div>\n\t\t\t\t<\/div>\n\t\t<div class=\"elementor-element elementor-element-689a633 e-con-full e-flex e-con e-child\" data-id=\"689a633\" data-element_type=\"container\">\n\t\t\t\t<div class=\"elementor-element elementor-element-7add65d elementor-widget elementor-widget-heading\" data-id=\"7add65d\" data-element_type=\"widget\" data-widget_type=\"heading.default\">\n\t\t\t\t<div class=\"elementor-widget-container\">\n\t\t\t\t\t<h2 class=\"elementor-heading-title elementor-size-default\">COLA corte mariposa<\/h2>\t\t\t\t<\/div>\n\t\t\t\t<\/div>\n\t\t\t\t<div class=\"elementor-element elementor-element-8d46e93 elementor-widget elementor-widget-button\" data-id=\"8d46e93\" data-element_type=\"widget\" data-widget_type=\"button.default\">\n\t\t\t\t<div class=\"elementor-widget-container\">\n\t\t\t\t\t\t\t\t\t<div class=\"elementor-button-wrapper\">\n\t\t\t\t\t<a class=\"elementor-button elementor-button-link elementor-size-sm\" href=\"https:\/\/pfrost.atiksoluciones.com\/ru\/productos\/langostino-2\/cola-fresca\/\">\n\t\t\t\t\t\t<span class=\"elementor-button-content-wrapper\">\n\t\t\t\t\t\t<span class=\"elementor-button-icon\">\n\t\t\t\t<svg aria-hidden=\"true\" class=\"e-font-icon-svg e-fas-chevron-right\" viewbox=\"0 0 320 512\" xmlns=\"http:\/\/www.w3.org\/2000\/svg\"><path d=\"M285.476 272.971L91.132 467.314c-9.373 9.373-24.569 9.373-33.941 0l-22.667-22.667c-9.357-9.357-9.375-24.522-.04-33.901L188.505 256 34.484 101.255c-9.335-9.379-9.317-24.544.04-33.901l22.667-22.667c9.373-9.373 24.569-9.373 33.941 0L285.475 239.03c9.373 9.372 9.373 24.568.001 33.941z\"><\/path><\/svg>\t\t\t<\/span>\n\t\t\t\t\t\t\t\t\t<span class=\"elementor-button-text\">\u0421\u043c\u043e\u0442\u0440\u0435\u0442\u044c \u0431\u043e\u043b\u044c\u0448\u0435<\/span>\n\t\t\t\t\t<\/span>\n\t\t\t\t\t<\/a>\n\t\t\t\t<\/div>\n\t\t\t\t\t\t\t\t<\/div>\n\t\t\t\t<\/div>\n\t\t\t\t<\/div>\n\t\t\t\t<\/div>\n\t\t<div class=\"elementor-element elementor-element-5ce42d7 e-con-full e-flex e-con e-child\" data-id=\"5ce42d7\" data-element_type=\"container\" data-settings=\"{&quot;background_background&quot;:&quot;classic&quot;}\">\n\t\t\t\t<div class=\"elementor-element elementor-element-8c4c1ac elementor-widget elementor-widget-image\" data-id=\"8c4c1ac\" data-element_type=\"widget\" data-widget_type=\"image.default\">\n\t\t\t\t<div class=\"elementor-widget-container\">\n\t\t\t\t\t\t\t\t\t\t\t\t\t\t\t<img fetchpriority=\"high\" decoding=\"async\" width=\"800\" height=\"800\" src=\"https:\/\/pfrost.atiksoluciones.com\/wp-content\/uploads\/2024\/07\/langostinos.jpg.crdownload.jpeg\" class=\"attachment-full size-full wp-image-2436\" alt=\"\" srcset=\"https:\/\/pfrost.atiksoluciones.com\/wp-content\/uploads\/2024\/07\/langostinos.jpg.crdownload.jpeg 800w, https:\/\/pfrost.atiksoluciones.com\/wp-content\/uploads\/2024\/07\/langostinos.jpg.crdownload-300x300.jpeg 300w, https:\/\/pfrost.atiksoluciones.com\/wp-content\/uploads\/2024\/07\/langostinos.jpg.crdownload-150x150.jpeg 150w, https:\/\/pfrost.atiksoluciones.com\/wp-content\/uploads\/2024\/07\/langostinos.jpg.crdownload-768x768.jpeg 768w, https:\/\/pfrost.atiksoluciones.com\/wp-content\/uploads\/2024\/07\/langostinos.jpg.crdownload-12x12.jpeg 12w\" sizes=\"(max-width: 800px) 100vw, 800px\" \/>\t\t\t\t\t\t\t\t\t\t\t\t\t\t\t<\/div>\n\t\t\t\t<\/div>\n\t\t<div class=\"elementor-element elementor-element-b639b17 e-con-full e-flex e-con e-child\" data-id=\"b639b17\" data-element_type=\"container\">\n\t\t\t\t<div class=\"elementor-element elementor-element-a15e748 elementor-widget elementor-widget-heading\" data-id=\"a15e748\" data-element_type=\"widget\" data-widget_type=\"heading.default\">\n\t\t\t\t<div class=\"elementor-widget-container\">\n\t\t\t\t\t<h2 class=\"elementor-heading-title elementor-size-default\">COLA de segunda <\/h2>\t\t\t\t<\/div>\n\t\t\t\t<\/div>\n\t\t\t\t<div class=\"elementor-element elementor-element-27d1746 elementor-widget elementor-widget-button\" data-id=\"27d1746\" data-element_type=\"widget\" data-widget_type=\"button.default\">\n\t\t\t\t<div class=\"elementor-widget-container\">\n\t\t\t\t\t\t\t\t\t<div class=\"elementor-button-wrapper\">\n\t\t\t\t\t<a class=\"elementor-button elementor-button-link elementor-size-sm\" href=\"https:\/\/pfrost.atiksoluciones.com\/ru\/productos\/langostino-2\/entero-cocido\/\">\n\t\t\t\t\t\t<span class=\"elementor-button-content-wrapper\">\n\t\t\t\t\t\t<span class=\"elementor-button-icon\">\n\t\t\t\t<svg aria-hidden=\"true\" class=\"e-font-icon-svg e-fas-chevron-right\" viewbox=\"0 0 320 512\" xmlns=\"http:\/\/www.w3.org\/2000\/svg\"><path d=\"M285.476 272.971L91.132 467.314c-9.373 9.373-24.569 9.373-33.941 0l-22.667-22.667c-9.357-9.357-9.375-24.522-.04-33.901L188.505 256 34.484 101.255c-9.335-9.379-9.317-24.544.04-33.901l22.667-22.667c9.373-9.373 24.569-9.373 33.941 0L285.475 239.03c9.373 9.372 9.373 24.568.001 33.941z\"><\/path><\/svg>\t\t\t<\/span>\n\t\t\t\t\t\t\t\t\t<span class=\"elementor-button-text\">\u0421\u043c\u043e\u0442\u0440\u0435\u0442\u044c \u0431\u043e\u043b\u044c\u0448\u0435<\/span>\n\t\t\t\t\t<\/span>\n\t\t\t\t\t<\/a>\n\t\t\t\t<\/div>\n\t\t\t\t\t\t\t\t<\/div>\n\t\t\t\t<\/div>\n\t\t\t\t<\/div>\n\t\t\t\t<\/div>\n\t\t\t\t\t<\/div>\n\t\t\t\t<\/div>\n\t\t\t\t<\/div>","protected":false},"excerpt":{"rendered":"<p>El langostino es un crust\u00e1ceo dec\u00e1podo que alcanza tama\u00f1os de hasta 23 cm y pesos de hasta 20 gramos. ENTERO Ver m\u00e1s cola pelada Ver m\u00e1s COLA corte mariposa Ver m\u00e1s COLA de segunda Ver m\u00e1s<\/p>","protected":false},"author":1,"featured_media":0,"parent":173,"menu_order":0,"comment_status":"closed","ping_status":"closed","template":"elementor_header_footer","meta":{"footnotes":""},"class_list":["post-2188","page","type-page","status-publish","hentry"],"yoast_head":"<!-- This site is optimized with the Yoast SEO plugin v24.8.1 - https:\/\/yoast.com\/wordpress\/plugins\/seo\/ -->\n<title>Langostino - Per\u00fa Frost<\/title>\n<meta name=\"robots\" content=\"noindex, follow, max-snippet:-1, max-image-preview:large, max-video-preview:-1\" \/>\n<meta property=\"og:locale\" content=\"ru_RU\" \/>\n<meta property=\"og:type\" content=\"article\" \/>\n<meta property=\"og:title\" content=\"Langostino - Per\u00fa Frost\" \/>\n<meta property=\"og:description\" content=\"El langostino es un crust\u00e1ceo dec\u00e1podo que alcanza tama\u00f1os de hasta 23 cm y pesos de hasta 20 gramos. ENTERO Ver m\u00e1s cola pelada Ver m\u00e1s COLA corte mariposa Ver m\u00e1s COLA de segunda Ver m\u00e1s\" \/>\n<meta property=\"og:url\" content=\"https:\/\/pfrost.atiksoluciones.com\/ru\/productos\/langostino-2\/\" \/>\n<meta property=\"og:site_name\" content=\"Per\u00fa Frost\" \/>\n<meta property=\"article:modified_time\" content=\"2025-01-10T16:50:50+00:00\" \/>\n<meta property=\"og:image\" content=\"https:\/\/pfrost.atiksoluciones.com\/wp-content\/uploads\/2024\/07\/langostinos.jpg.crdownload.jpeg\" \/>\n<meta name=\"twitter:card\" content=\"summary_large_image\" \/>\n<meta name=\"twitter:label1\" content=\"\u041f\u0440\u0438\u043c\u0435\u0440\u043d\u043e\u0435 \u0432\u0440\u0435\u043c\u044f \u0434\u043b\u044f \u0447\u0442\u0435\u043d\u0438\u044f\" \/>\n\t<meta name=\"twitter:data1\" content=\"1 \u043c\u0438\u043d\u0443\u0442\u0430\" \/>\n<script type=\"application\/ld+json\" class=\"yoast-schema-graph\">{\"@context\":\"https:\/\/schema.org\",\"@graph\":[{\"@type\":\"WebPage\",\"@id\":\"https:\/\/pfrost.atiksoluciones.com\/productos\/langostino-2\/\",\"url\":\"https:\/\/pfrost.atiksoluciones.com\/productos\/langostino-2\/\",\"name\":\"Langostino - Per\u00fa Frost\",\"isPartOf\":{\"@id\":\"https:\/\/pfrost.atiksoluciones.com\/#website\"},\"primaryImageOfPage\":{\"@id\":\"https:\/\/pfrost.atiksoluciones.com\/productos\/langostino-2\/#primaryimage\"},\"image\":{\"@id\":\"https:\/\/pfrost.atiksoluciones.com\/productos\/langostino-2\/#primaryimage\"},\"thumbnailUrl\":\"https:\/\/pfrost.atiksoluciones.com\/wp-content\/uploads\/2024\/07\/langostinos.jpg.crdownload.jpeg\",\"datePublished\":\"2024-07-24T21:46:30+00:00\",\"dateModified\":\"2025-01-10T16:50:50+00:00\",\"breadcrumb\":{\"@id\":\"https:\/\/pfrost.atiksoluciones.com\/productos\/langostino-2\/#breadcrumb\"},\"inLanguage\":\"ru-RU\",\"potentialAction\":[{\"@type\":\"ReadAction\",\"target\":[\"https:\/\/pfrost.atiksoluciones.com\/productos\/langostino-2\/\"]}]},{\"@type\":\"ImageObject\",\"inLanguage\":\"ru-RU\",\"@id\":\"https:\/\/pfrost.atiksoluciones.com\/productos\/langostino-2\/#primaryimage\",\"url\":\"https:\/\/pfrost.atiksoluciones.com\/wp-content\/uploads\/2024\/07\/langostinos.jpg.crdownload.jpeg\",\"contentUrl\":\"https:\/\/pfrost.atiksoluciones.com\/wp-content\/uploads\/2024\/07\/langostinos.jpg.crdownload.jpeg\"},{\"@type\":\"BreadcrumbList\",\"@id\":\"https:\/\/pfrost.atiksoluciones.com\/productos\/langostino-2\/#breadcrumb\",\"itemListElement\":[{\"@type\":\"ListItem\",\"position\":1,\"name\":\"Home\",\"item\":\"https:\/\/pfrost.atiksoluciones.com\/\"},{\"@type\":\"ListItem\",\"position\":2,\"name\":\"Productos\",\"item\":\"https:\/\/pfrost.atiksoluciones.com\/productos\/\"},{\"@type\":\"ListItem\",\"position\":3,\"name\":\"Langostino\"}]},{\"@type\":\"WebSite\",\"@id\":\"https:\/\/pfrost.atiksoluciones.com\/#website\",\"url\":\"https:\/\/pfrost.atiksoluciones.com\/\",\"name\":\"Per\u00fa Frost\",\"description\":\"Per\u00fa Frost\",\"publisher\":{\"@id\":\"https:\/\/pfrost.atiksoluciones.com\/#organization\"},\"potentialAction\":[{\"@type\":\"SearchAction\",\"target\":{\"@type\":\"EntryPoint\",\"urlTemplate\":\"https:\/\/pfrost.atiksoluciones.com\/?s={search_term_string}\"},\"query-input\":{\"@type\":\"PropertyValueSpecification\",\"valueRequired\":true,\"valueName\":\"search_term_string\"}}],\"inLanguage\":\"ru-RU\"},{\"@type\":\"Organization\",\"@id\":\"https:\/\/pfrost.atiksoluciones.com\/#organization\",\"name\":\"Per\u00fa Frost\",\"url\":\"https:\/\/pfrost.atiksoluciones.com\/\",\"logo\":{\"@type\":\"ImageObject\",\"inLanguage\":\"ru-RU\",\"@id\":\"https:\/\/pfrost.atiksoluciones.com\/#\/schema\/logo\/image\/\",\"url\":\"https:\/\/pfrost.atiksoluciones.com\/wp-content\/uploads\/2022\/04\/logo-1.png\",\"contentUrl\":\"https:\/\/pfrost.atiksoluciones.com\/wp-content\/uploads\/2022\/04\/logo-1.png\",\"width\":254,\"height\":56,\"caption\":\"Per\u00fa Frost\"},\"image\":{\"@id\":\"https:\/\/pfrost.atiksoluciones.com\/#\/schema\/logo\/image\/\"}}]}<\/script>\n<!-- \/ Yoast SEO plugin. -->","yoast_head_json":{"title":"Langostino - Per\u00fa Frost","robots":{"index":"noindex","follow":"follow","max-snippet":"max-snippet:-1","max-image-preview":"max-image-preview:large","max-video-preview":"max-video-preview:-1"},"og_locale":"ru_RU","og_type":"article","og_title":"Langostino - Per\u00fa Frost","og_description":"El langostino es un crust\u00e1ceo dec\u00e1podo que alcanza tama\u00f1os de hasta 23 cm y pesos de hasta 20 gramos. ENTERO Ver m\u00e1s cola pelada Ver m\u00e1s COLA corte mariposa Ver m\u00e1s COLA de segunda Ver m\u00e1s","og_url":"https:\/\/pfrost.atiksoluciones.com\/ru\/productos\/langostino-2\/","og_site_name":"Per\u00fa Frost","article_modified_time":"2025-01-10T16:50:50+00:00","og_image":[{"url":"https:\/\/pfrost.atiksoluciones.com\/wp-content\/uploads\/2024\/07\/langostinos.jpg.crdownload.jpeg","type":"","width":"","height":""}],"twitter_card":"summary_large_image","twitter_misc":{"\u041f\u0440\u0438\u043c\u0435\u0440\u043d\u043e\u0435 \u0432\u0440\u0435\u043c\u044f \u0434\u043b\u044f \u0447\u0442\u0435\u043d\u0438\u044f":"1 \u043c\u0438\u043d\u0443\u0442\u0430"},"schema":{"@context":"https:\/\/schema.org","@graph":[{"@type":"WebPage","@id":"https:\/\/pfrost.atiksoluciones.com\/productos\/langostino-2\/","url":"https:\/\/pfrost.atiksoluciones.com\/productos\/langostino-2\/","name":"Langostino - Per\u00fa Frost","isPartOf":{"@id":"https:\/\/pfrost.atiksoluciones.com\/#website"},"primaryImageOfPage":{"@id":"https:\/\/pfrost.atiksoluciones.com\/productos\/langostino-2\/#primaryimage"},"image":{"@id":"https:\/\/pfrost.atiksoluciones.com\/productos\/langostino-2\/#primaryimage"},"thumbnailUrl":"https:\/\/pfrost.atiksoluciones.com\/wp-content\/uploads\/2024\/07\/langostinos.jpg.crdownload.jpeg","datePublished":"2024-07-24T21:46:30+00:00","dateModified":"2025-01-10T16:50:50+00:00","breadcrumb":{"@id":"https:\/\/pfrost.atiksoluciones.com\/productos\/langostino-2\/#breadcrumb"},"inLanguage":"ru-RU","potentialAction":[{"@type":"ReadAction","target":["https:\/\/pfrost.atiksoluciones.com\/productos\/langostino-2\/"]}]},{"@type":"ImageObject","inLanguage":"ru-RU","@id":"https:\/\/pfrost.atiksoluciones.com\/productos\/langostino-2\/#primaryimage","url":"https:\/\/pfrost.atiksoluciones.com\/wp-content\/uploads\/2024\/07\/langostinos.jpg.crdownload.jpeg","contentUrl":"https:\/\/pfrost.atiksoluciones.com\/wp-content\/uploads\/2024\/07\/langostinos.jpg.crdownload.jpeg"},{"@type":"BreadcrumbList","@id":"https:\/\/pfrost.atiksoluciones.com\/productos\/langostino-2\/#breadcrumb","itemListElement":[{"@type":"ListItem","position":1,"name":"Home","item":"https:\/\/pfrost.atiksoluciones.com\/"},{"@type":"ListItem","position":2,"name":"Productos","item":"https:\/\/pfrost.atiksoluciones.com\/productos\/"},{"@type":"ListItem","position":3,"name":"Langostino"}]},{"@type":"WebSite","@id":"https:\/\/pfrost.atiksoluciones.com\/#website","url":"https:\/\/pfrost.atiksoluciones.com\/","name":"Per\u00fa Frost","description":"Per\u00fa Frost","publisher":{"@id":"https:\/\/pfrost.atiksoluciones.com\/#organization"},"potentialAction":[{"@type":"SearchAction","target":{"@type":"EntryPoint","urlTemplate":"https:\/\/pfrost.atiksoluciones.com\/?s={search_term_string}"},"query-input":{"@type":"PropertyValueSpecification","valueRequired":true,"valueName":"search_term_string"}}],"inLanguage":"ru-RU"},{"@type":"Organization","@id":"https:\/\/pfrost.atiksoluciones.com\/#organization","name":"Per\u00fa Frost","url":"https:\/\/pfrost.atiksoluciones.com\/","logo":{"@type":"ImageObject","inLanguage":"ru-RU","@id":"https:\/\/pfrost.atiksoluciones.com\/#\/schema\/logo\/image\/","url":"https:\/\/pfrost.atiksoluciones.com\/wp-content\/uploads\/2022\/04\/logo-1.png","contentUrl":"https:\/\/pfrost.atiksoluciones.com\/wp-content\/uploads\/2022\/04\/logo-1.png","width":254,"height":56,"caption":"Per\u00fa Frost"},"image":{"@id":"https:\/\/pfrost.atiksoluciones.com\/#\/schema\/logo\/image\/"}}]}},"_links":{"self":[{"href":"https:\/\/pfrost.atiksoluciones.com\/ru\/wp-json\/wp\/v2\/pages\/2188","targetHints":{"allow":["GET"]}}],"collection":[{"href":"https:\/\/pfrost.atiksoluciones.com\/ru\/wp-json\/wp\/v2\/pages"}],"about":[{"href":"https:\/\/pfrost.atiksoluciones.com\/ru\/wp-json\/wp\/v2\/types\/page"}],"author":[{"embeddable":true,"href":"https:\/\/pfrost.atiksoluciones.com\/ru\/wp-json\/wp\/v2\/users\/1"}],"replies":[{"embeddable":true,"href":"https:\/\/pfrost.atiksoluciones.com\/ru\/wp-json\/wp\/v2\/comments?post=2188"}],"version-history":[{"count":34,"href":"https:\/\/pfrost.atiksoluciones.com\/ru\/wp-json\/wp\/v2\/pages\/2188\/revisions"}],"predecessor-version":[{"id":3464,"href":"https:\/\/pfrost.atiksoluciones.com\/ru\/wp-json\/wp\/v2\/pages\/2188\/revisions\/3464"}],"up":[{"embeddable":true,"href":"https:\/\/pfrost.atiksoluciones.com\/ru\/wp-json\/wp\/v2\/pages\/173"}],"wp:attachment":[{"href":"https:\/\/pfrost.atiksoluciones.com\/ru\/wp-json\/wp\/v2\/media?parent=2188"}],"curies":[{"name":"wp","href":"https:\/\/api.w.org\/{rel}","templated":true}]}}