{"id":3144,"date":"2024-08-15T15:27:58","date_gmt":"2024-08-15T20:27:58","guid":{"rendered":"https:\/\/pfrost.atiksoluciones.com\/?page_id=3144"},"modified":"2024-08-15T15:28:39","modified_gmt":"2024-08-15T20:28:39","slug":"politica-del-sistema-integrado-de-gestion","status":"publish","type":"page","link":"https:\/\/pfrost.atiksoluciones.com\/en\/politica-del-sistema-integrado-de-gestion\/","title":{"rendered":"Integrated management system policy"},"content":{"rendered":"<div data-elementor-type=\"wp-page\" data-elementor-id=\"3144\" class=\"elementor elementor-3144\" data-elementor-post-type=\"page\">\n\t\t\t\t<div class=\"elementor-element elementor-element-c385e01 e-flex e-con-boxed e-con e-parent\" data-id=\"c385e01\" data-element_type=\"container\" data-settings=\"{&quot;background_background&quot;:&quot;classic&quot;}\">\n\t\t\t\t\t<div class=\"e-con-inner\">\n\t\t<div class=\"elementor-element elementor-element-272797b e-con-full e-flex e-con e-child\" data-id=\"272797b\" data-element_type=\"container\">\n\t\t\t\t<div class=\"elementor-element elementor-element-a2c5228 elementor-widget__width-initial elementor-invisible elementor-widget elementor-widget-heading\" data-id=\"a2c5228\" data-element_type=\"widget\" data-settings=\"{&quot;_animation&quot;:&quot;fadeInUp&quot;}\" data-widget_type=\"heading.default\">\n\t\t\t\t<div class=\"elementor-widget-container\">\n\t\t\t\t\t<h1 class=\"elementor-heading-title elementor-size-default\">Integrated management system policy<\/h1>\t\t\t\t<\/div>\n\t\t\t\t<\/div>\n\t\t\t\t<div class=\"elementor-element elementor-element-66c751c elementor-widget-divider--view-line elementor-widget elementor-widget-divider\" data-id=\"66c751c\" data-element_type=\"widget\" data-widget_type=\"divider.default\">\n\t\t\t\t<div class=\"elementor-widget-container\">\n\t\t\t\t\t\t\t<div class=\"elementor-divider\">\n\t\t\t<span class=\"elementor-divider-separator\">\n\t\t\t\t\t\t<\/span>\n\t\t<\/div>\n\t\t\t\t\t\t<\/div>\n\t\t\t\t<\/div>\n\t\t\t\t<\/div>\n\t\t<div class=\"elementor-element elementor-element-9c5d6eb e-con-full e-flex e-con e-child\" data-id=\"9c5d6eb\" data-element_type=\"container\" data-settings=\"{&quot;background_background&quot;:&quot;classic&quot;}\">\n\t\t\t\t<div class=\"elementor-element elementor-element-572856f elementor-widget elementor-widget-spacer\" data-id=\"572856f\" data-element_type=\"widget\" data-widget_type=\"spacer.default\">\n\t\t\t\t<div class=\"elementor-widget-container\">\n\t\t\t\t\t\t\t<div class=\"elementor-spacer\">\n\t\t\t<div class=\"elementor-spacer-inner\"><\/div>\n\t\t<\/div>\n\t\t\t\t\t\t<\/div>\n\t\t\t\t<\/div>\n\t\t\t\t<\/div>\n\t\t\t\t\t<\/div>\n\t\t\t\t<\/div>\n\t\t<div class=\"elementor-element elementor-element-61ae87a e-flex e-con-boxed e-con e-parent\" data-id=\"61ae87a\" data-element_type=\"container\">\n\t\t\t\t\t<div class=\"e-con-inner\">\n\t\t\t\t<div class=\"elementor-element elementor-element-73f18e0 elementor-widget elementor-widget-text-editor\" data-id=\"73f18e0\" data-element_type=\"widget\" data-widget_type=\"text-editor.default\">\n\t\t\t\t<div class=\"elementor-widget-container\">\n\t\t\t\t\t\t\t\t\t<p>Our commitment is at all levels of the organization:<\/p><ol><li>Acting in an ethical manner, complying with legal regulations and voluntarily adopted quality standards, applying continuous improvement in our management system, in our processes and in staff development, promoting a culture of quality and safety, managing food security, safeguarding food defense and preventing food fraud, allowing us to offer safe, authentic and high-quality products, always aimed at the satisfaction of our customers, in accordance with the expectations of the current and future market.<\/li><li>Guiding activities and operations under a risk and opportunity management approach to meet the guidelines of Senior Management.<\/li><li>Promoting environmental protection through responsible extraction for the sustainability of resources and minimizing the impact on the marine environment, complying with established standards and legislation.<\/li><li>Preventing pollution through the implementation of procedures and technology that mitigate the impacts on the environment where we operate.<\/li><li>Managing the elimination of hazards to reduce risks, achieving safe and healthy work environments for the prevention of incidents, accidents and occupational diseases.<\/li><li>Acting preventively on the risks of illicit activities throughout the supply chain.<\/li><li>Rejecting and preventing acts of corruption, money laundering, bribery, terrorist financing, acts against food safety and political pressure or contributions.<\/li><li>Complying with labor laws, as well as having fair working practices and conditions.<\/li><li>Ensuring the participation and consultation of workers on issues related to the quality management system, environment, safety and occupational health. Maintaining communication channels at all levels.<\/li><li>Complying with local, national and international legislation and regulations and commitments applicable to our integrated management system focused on: quality, food safety, environment, occupational health and safety, labor compliance, among others related to management systems.<\/li><li>The fundamental basis of all our management systems is: the leadership and participation of senior management, the continuous improvement of our processes, the commitment of all our collaborators and active communication with our suppliers.<\/li><li>Promoting security in the use of information technologies.<\/li><\/ol>\t\t\t\t\t\t\t\t<\/div>\n\t\t\t\t<\/div>\n\t\t\t\t\t<\/div>\n\t\t\t\t<\/div>\n\t\t\t\t<\/div>","protected":false},"excerpt":{"rendered":"<p>Nuestro compromiso es a todo nivel de la organizaci\u00f3n: Actuando de manera \u00e9tica, cumpliendo las normativas legales y los est\u00e1ndares de calidad adoptados voluntariamente, aplicando la mejora continua en nuestro sistema de gesti\u00f3n, en nuestros procesos y en el desarrollo del personal, fomentando la cultura de calidad e inocuidad, gestionando la seguridad alimentaria, resguardando la [&hellip;]<\/p>","protected":false},"author":1,"featured_media":0,"parent":0,"menu_order":0,"comment_status":"closed","ping_status":"closed","template":"elementor_header_footer","meta":{"footnotes":""},"class_list":["post-3144","page","type-page","status-publish","hentry"],"yoast_head":"<!-- This site is optimized with the Yoast SEO plugin v24.8.1 - https:\/\/yoast.com\/wordpress\/plugins\/seo\/ -->\n<title>Pol\u00edtica del sistema integrado de gesti\u00f3n - Per\u00fa Frost<\/title>\n<meta name=\"robots\" content=\"noindex, follow, max-snippet:-1, max-image-preview:large, max-video-preview:-1\" \/>\n<meta property=\"og:locale\" content=\"en_US\" \/>\n<meta property=\"og:type\" content=\"article\" \/>\n<meta property=\"og:title\" content=\"Pol\u00edtica del sistema integrado de gesti\u00f3n - Per\u00fa Frost\" \/>\n<meta property=\"og:description\" content=\"Nuestro compromiso es a todo nivel de la organizaci\u00f3n: Actuando de manera \u00e9tica, cumpliendo las normativas legales y los est\u00e1ndares de calidad adoptados voluntariamente, aplicando la mejora continua en nuestro sistema de gesti\u00f3n, en nuestros procesos y en el desarrollo del personal, fomentando la cultura de calidad e inocuidad, gestionando la seguridad alimentaria, resguardando la [&hellip;]\" \/>\n<meta property=\"og:url\" content=\"https:\/\/pfrost.atiksoluciones.com\/en\/politica-del-sistema-integrado-de-gestion\/\" \/>\n<meta property=\"og:site_name\" content=\"Per\u00fa Frost\" \/>\n<meta property=\"article:modified_time\" content=\"2024-08-15T20:28:39+00:00\" \/>\n<meta name=\"twitter:card\" content=\"summary_large_image\" \/>\n<meta name=\"twitter:label1\" content=\"Est. reading time\" \/>\n\t<meta name=\"twitter:data1\" content=\"2 minutes\" \/>\n<script type=\"application\/ld+json\" class=\"yoast-schema-graph\">{\"@context\":\"https:\/\/schema.org\",\"@graph\":[{\"@type\":\"WebPage\",\"@id\":\"https:\/\/pfrost.atiksoluciones.com\/politica-del-sistema-integrado-de-gestion\/\",\"url\":\"https:\/\/pfrost.atiksoluciones.com\/politica-del-sistema-integrado-de-gestion\/\",\"name\":\"Pol\u00edtica del sistema integrado de gesti\u00f3n - Per\u00fa Frost\",\"isPartOf\":{\"@id\":\"https:\/\/pfrost.atiksoluciones.com\/#website\"},\"datePublished\":\"2024-08-15T20:27:58+00:00\",\"dateModified\":\"2024-08-15T20:28:39+00:00\",\"breadcrumb\":{\"@id\":\"https:\/\/pfrost.atiksoluciones.com\/politica-del-sistema-integrado-de-gestion\/#breadcrumb\"},\"inLanguage\":\"en-US\",\"potentialAction\":[{\"@type\":\"ReadAction\",\"target\":[\"https:\/\/pfrost.atiksoluciones.com\/politica-del-sistema-integrado-de-gestion\/\"]}]},{\"@type\":\"BreadcrumbList\",\"@id\":\"https:\/\/pfrost.atiksoluciones.com\/politica-del-sistema-integrado-de-gestion\/#breadcrumb\",\"itemListElement\":[{\"@type\":\"ListItem\",\"position\":1,\"name\":\"Home\",\"item\":\"https:\/\/pfrost.atiksoluciones.com\/\"},{\"@type\":\"ListItem\",\"position\":2,\"name\":\"Pol\u00edtica del sistema integrado de gesti\u00f3n\"}]},{\"@type\":\"WebSite\",\"@id\":\"https:\/\/pfrost.atiksoluciones.com\/#website\",\"url\":\"https:\/\/pfrost.atiksoluciones.com\/\",\"name\":\"Per\u00fa Frost\",\"description\":\"Per\u00fa Frost\",\"publisher\":{\"@id\":\"https:\/\/pfrost.atiksoluciones.com\/#organization\"},\"potentialAction\":[{\"@type\":\"SearchAction\",\"target\":{\"@type\":\"EntryPoint\",\"urlTemplate\":\"https:\/\/pfrost.atiksoluciones.com\/?s={search_term_string}\"},\"query-input\":{\"@type\":\"PropertyValueSpecification\",\"valueRequired\":true,\"valueName\":\"search_term_string\"}}],\"inLanguage\":\"en-US\"},{\"@type\":\"Organization\",\"@id\":\"https:\/\/pfrost.atiksoluciones.com\/#organization\",\"name\":\"Per\u00fa Frost\",\"url\":\"https:\/\/pfrost.atiksoluciones.com\/\",\"logo\":{\"@type\":\"ImageObject\",\"inLanguage\":\"en-US\",\"@id\":\"https:\/\/pfrost.atiksoluciones.com\/#\/schema\/logo\/image\/\",\"url\":\"https:\/\/pfrost.atiksoluciones.com\/wp-content\/uploads\/2022\/04\/logo-1.png\",\"contentUrl\":\"https:\/\/pfrost.atiksoluciones.com\/wp-content\/uploads\/2022\/04\/logo-1.png\",\"width\":254,\"height\":56,\"caption\":\"Per\u00fa Frost\"},\"image\":{\"@id\":\"https:\/\/pfrost.atiksoluciones.com\/#\/schema\/logo\/image\/\"}}]}<\/script>\n<!-- \/ Yoast SEO plugin. -->","yoast_head_json":{"title":"Pol\u00edtica del sistema integrado de gesti\u00f3n - Per\u00fa Frost","robots":{"index":"noindex","follow":"follow","max-snippet":"max-snippet:-1","max-image-preview":"max-image-preview:large","max-video-preview":"max-video-preview:-1"},"og_locale":"en_US","og_type":"article","og_title":"Pol\u00edtica del sistema integrado de gesti\u00f3n - Per\u00fa Frost","og_description":"Nuestro compromiso es a todo nivel de la organizaci\u00f3n: Actuando de manera \u00e9tica, cumpliendo las normativas legales y los est\u00e1ndares de calidad adoptados voluntariamente, aplicando la mejora continua en nuestro sistema de gesti\u00f3n, en nuestros procesos y en el desarrollo del personal, fomentando la cultura de calidad e inocuidad, gestionando la seguridad alimentaria, resguardando la [&hellip;]","og_url":"https:\/\/pfrost.atiksoluciones.com\/en\/politica-del-sistema-integrado-de-gestion\/","og_site_name":"Per\u00fa Frost","article_modified_time":"2024-08-15T20:28:39+00:00","twitter_card":"summary_large_image","twitter_misc":{"Est. reading time":"2 minutes"},"schema":{"@context":"https:\/\/schema.org","@graph":[{"@type":"WebPage","@id":"https:\/\/pfrost.atiksoluciones.com\/politica-del-sistema-integrado-de-gestion\/","url":"https:\/\/pfrost.atiksoluciones.com\/politica-del-sistema-integrado-de-gestion\/","name":"Pol\u00edtica del sistema integrado de gesti\u00f3n - Per\u00fa Frost","isPartOf":{"@id":"https:\/\/pfrost.atiksoluciones.com\/#website"},"datePublished":"2024-08-15T20:27:58+00:00","dateModified":"2024-08-15T20:28:39+00:00","breadcrumb":{"@id":"https:\/\/pfrost.atiksoluciones.com\/politica-del-sistema-integrado-de-gestion\/#breadcrumb"},"inLanguage":"en-US","potentialAction":[{"@type":"ReadAction","target":["https:\/\/pfrost.atiksoluciones.com\/politica-del-sistema-integrado-de-gestion\/"]}]},{"@type":"BreadcrumbList","@id":"https:\/\/pfrost.atiksoluciones.com\/politica-del-sistema-integrado-de-gestion\/#breadcrumb","itemListElement":[{"@type":"ListItem","position":1,"name":"Home","item":"https:\/\/pfrost.atiksoluciones.com\/"},{"@type":"ListItem","position":2,"name":"Pol\u00edtica del sistema integrado de gesti\u00f3n"}]},{"@type":"WebSite","@id":"https:\/\/pfrost.atiksoluciones.com\/#website","url":"https:\/\/pfrost.atiksoluciones.com\/","name":"Per\u00fa Frost","description":"Per\u00fa Frost","publisher":{"@id":"https:\/\/pfrost.atiksoluciones.com\/#organization"},"potentialAction":[{"@type":"SearchAction","target":{"@type":"EntryPoint","urlTemplate":"https:\/\/pfrost.atiksoluciones.com\/?s={search_term_string}"},"query-input":{"@type":"PropertyValueSpecification","valueRequired":true,"valueName":"search_term_string"}}],"inLanguage":"en-US"},{"@type":"Organization","@id":"https:\/\/pfrost.atiksoluciones.com\/#organization","name":"Per\u00fa Frost","url":"https:\/\/pfrost.atiksoluciones.com\/","logo":{"@type":"ImageObject","inLanguage":"en-US","@id":"https:\/\/pfrost.atiksoluciones.com\/#\/schema\/logo\/image\/","url":"https:\/\/pfrost.atiksoluciones.com\/wp-content\/uploads\/2022\/04\/logo-1.png","contentUrl":"https:\/\/pfrost.atiksoluciones.com\/wp-content\/uploads\/2022\/04\/logo-1.png","width":254,"height":56,"caption":"Per\u00fa Frost"},"image":{"@id":"https:\/\/pfrost.atiksoluciones.com\/#\/schema\/logo\/image\/"}}]}},"_links":{"self":[{"href":"https:\/\/pfrost.atiksoluciones.com\/en\/wp-json\/wp\/v2\/pages\/3144","targetHints":{"allow":["GET"]}}],"collection":[{"href":"https:\/\/pfrost.atiksoluciones.com\/en\/wp-json\/wp\/v2\/pages"}],"about":[{"href":"https:\/\/pfrost.atiksoluciones.com\/en\/wp-json\/wp\/v2\/types\/page"}],"author":[{"embeddable":true,"href":"https:\/\/pfrost.atiksoluciones.com\/en\/wp-json\/wp\/v2\/users\/1"}],"replies":[{"embeddable":true,"href":"https:\/\/pfrost.atiksoluciones.com\/en\/wp-json\/wp\/v2\/comments?post=3144"}],"version-history":[{"count":4,"href":"https:\/\/pfrost.atiksoluciones.com\/en\/wp-json\/wp\/v2\/pages\/3144\/revisions"}],"predecessor-version":[{"id":3148,"href":"https:\/\/pfrost.atiksoluciones.com\/en\/wp-json\/wp\/v2\/pages\/3144\/revisions\/3148"}],"wp:attachment":[{"href":"https:\/\/pfrost.atiksoluciones.com\/en\/wp-json\/wp\/v2\/media?parent=3144"}],"curies":[{"name":"wp","href":"https:\/\/api.w.org\/{rel}","templated":true}]}}