{"id":3120,"date":"2024-08-15T15:20:27","date_gmt":"2024-08-15T20:20:27","guid":{"rendered":"https:\/\/pfrost.atiksoluciones.com\/?page_id=3120"},"modified":"2024-08-15T15:26:33","modified_gmt":"2024-08-15T20:26:33","slug":"gestion-etica","status":"publish","type":"page","link":"https:\/\/pfrost.atiksoluciones.com\/en\/gestion-etica\/","title":{"rendered":"Ethical Management"},"content":{"rendered":"<div data-elementor-type=\"wp-page\" data-elementor-id=\"3120\" class=\"elementor elementor-3120\" data-elementor-post-type=\"page\">\n\t\t\t\t<div class=\"elementor-element elementor-element-c385e01 e-flex e-con-boxed e-con e-parent\" data-id=\"c385e01\" data-element_type=\"container\" data-settings=\"{&quot;background_background&quot;:&quot;classic&quot;}\">\n\t\t\t\t\t<div class=\"e-con-inner\">\n\t\t<div class=\"elementor-element elementor-element-272797b e-con-full e-flex e-con e-child\" data-id=\"272797b\" data-element_type=\"container\">\n\t\t\t\t<div class=\"elementor-element elementor-element-a2c5228 elementor-widget__width-initial elementor-invisible elementor-widget elementor-widget-heading\" data-id=\"a2c5228\" data-element_type=\"widget\" data-settings=\"{&quot;_animation&quot;:&quot;fadeInUp&quot;}\" data-widget_type=\"heading.default\">\n\t\t\t\t<div class=\"elementor-widget-container\">\n\t\t\t\t\t<h1 class=\"elementor-heading-title elementor-size-default\">Ethical Management<\/h1>\t\t\t\t<\/div>\n\t\t\t\t<\/div>\n\t\t\t\t<div class=\"elementor-element elementor-element-66c751c elementor-widget-divider--view-line elementor-widget elementor-widget-divider\" data-id=\"66c751c\" data-element_type=\"widget\" data-widget_type=\"divider.default\">\n\t\t\t\t<div class=\"elementor-widget-container\">\n\t\t\t\t\t\t\t<div class=\"elementor-divider\">\n\t\t\t<span class=\"elementor-divider-separator\">\n\t\t\t\t\t\t<\/span>\n\t\t<\/div>\n\t\t\t\t\t\t<\/div>\n\t\t\t\t<\/div>\n\t\t\t\t<\/div>\n\t\t<div class=\"elementor-element elementor-element-9c5d6eb e-con-full e-flex e-con e-child\" data-id=\"9c5d6eb\" data-element_type=\"container\" data-settings=\"{&quot;background_background&quot;:&quot;classic&quot;}\">\n\t\t\t\t<div class=\"elementor-element elementor-element-572856f elementor-widget elementor-widget-spacer\" data-id=\"572856f\" data-element_type=\"widget\" data-widget_type=\"spacer.default\">\n\t\t\t\t<div class=\"elementor-widget-container\">\n\t\t\t\t\t\t\t<div class=\"elementor-spacer\">\n\t\t\t<div class=\"elementor-spacer-inner\"><\/div>\n\t\t<\/div>\n\t\t\t\t\t\t<\/div>\n\t\t\t\t<\/div>\n\t\t\t\t<\/div>\n\t\t\t\t\t<\/div>\n\t\t\t\t<\/div>\n\t\t<div class=\"elementor-element elementor-element-61ae87a e-flex e-con-boxed e-con e-parent\" data-id=\"61ae87a\" data-element_type=\"container\">\n\t\t\t\t\t<div class=\"e-con-inner\">\n\t\t\t\t<div class=\"elementor-element elementor-element-73f18e0 elementor-widget elementor-widget-text-editor\" data-id=\"73f18e0\" data-element_type=\"widget\" data-widget_type=\"text-editor.default\">\n\t\t\t\t<div class=\"elementor-widget-container\">\n\t\t\t\t\t\t\t\t\t<p class=\" translation-block\">At PER\u00da FROST, the <strong>commitment to an honest and upright business<\/strong> is a fundamental pillar of our corporate strategy. We carry out all our activities under the firm belief that ethical and transparent behavior is key to the <strong>success of our business.<\/strong><\/p><p>For this reason, we maintain different channels that guarantee that the actions of our work team follow these guidelines.<\/p><p><strong>Ethics Committee<\/strong><\/p><ul><li class=\" translation-block\">Promotes compliance with the organization's values \u200b\u200bthrough the constant creation and review of corporate documents such as ethics codes and manuals.<\/li><li class=\" translation-block\">In addition, it is responsible for reviewing and providing solutions to incidents reported anonymously through the reporting channel.<\/li><li class=\" translation-block\">It is made up of the General Manager, the Administration and Human Resources Manager, the Legal Manager and the Head of Risk Management and Methods.<br><br><\/li><\/ul><p><strong>Code of ethics<\/strong><\/p><ul><li>Trabajamos en base a los<strong>\u00a0lineamientos establecidos en nuestro c\u00f3digo de \u00e9tica<\/strong>\u00a0que describen los comportamientos esperados de los colaboradores, tanto en la ejecuci\u00f3n de sus funciones, como en sus relaciones con otras partes interesadas.<\/li><li>Para reforzar sus contenidos y asegurar su cumplimiento,<strong>\u00a0dictamos charlas de los temas m\u00e1s relevantes<\/strong>\u00a0a nuestros colaboradores de todas las sedes.<br \/><br \/><\/li><\/ul><p>REVIEW OUR CODE OF ETHICS (derived to a pdf)<\/p><p><strong>Whistleblower channel<\/strong><\/p><ul><li class=\" translation-block\">As part of our corporate culture strengthening program, we aim to involve our employees in compliance with PER\u00da FROST values. For this reason, we have created a space through which they themselves can ensure that the principles are not violated and report situations that violate ethics in our operations.<\/li><li class=\" translation-block\">The reporting channel that ensures that 100% of reports are processed and that this is done under the strictest parameters of independence and privacy.<\/li><\/ul>\t\t\t\t\t\t\t\t<\/div>\n\t\t\t\t<\/div>\n\t\t\t\t\t<\/div>\n\t\t\t\t<\/div>\n\t\t\t\t<\/div>","protected":false},"excerpt":{"rendered":"<p>En PER\u00da FROST, el\u00a0compromiso con un negocio honesto e \u00edntegro\u00a0es un pilar fundamental para nuestra estrategia corporativa. Desarrollamos todas nuestras actividades bajo el firme convencimiento de que un\u00a0comportamiento \u00e9tico y transparente es clave\u00a0para el\u00a0\u00e9xito de nuestro negocio. Por ello, mantenemos diferentes canales que garantizan que las acciones de nuestro equipo de trabajo sigan estos lineamientos. [&hellip;]<\/p>","protected":false},"author":1,"featured_media":0,"parent":0,"menu_order":0,"comment_status":"closed","ping_status":"closed","template":"elementor_header_footer","meta":{"footnotes":""},"class_list":["post-3120","page","type-page","status-publish","hentry"],"yoast_head":"<!-- This site is optimized with the Yoast SEO plugin v24.8.1 - https:\/\/yoast.com\/wordpress\/plugins\/seo\/ -->\n<title>Gesti\u00f3n \u00c9tica - Per\u00fa Frost<\/title>\n<meta name=\"robots\" content=\"noindex, follow, max-snippet:-1, max-image-preview:large, max-video-preview:-1\" \/>\n<meta property=\"og:locale\" content=\"en_US\" \/>\n<meta property=\"og:type\" content=\"article\" \/>\n<meta property=\"og:title\" content=\"Gesti\u00f3n \u00c9tica - Per\u00fa Frost\" \/>\n<meta property=\"og:description\" content=\"En PER\u00da FROST, el\u00a0compromiso con un negocio honesto e \u00edntegro\u00a0es un pilar fundamental para nuestra estrategia corporativa. Desarrollamos todas nuestras actividades bajo el firme convencimiento de que un\u00a0comportamiento \u00e9tico y transparente es clave\u00a0para el\u00a0\u00e9xito de nuestro negocio. Por ello, mantenemos diferentes canales que garantizan que las acciones de nuestro equipo de trabajo sigan estos lineamientos. [&hellip;]\" \/>\n<meta property=\"og:url\" content=\"https:\/\/pfrost.atiksoluciones.com\/en\/gestion-etica\/\" \/>\n<meta property=\"og:site_name\" content=\"Per\u00fa Frost\" \/>\n<meta property=\"article:modified_time\" content=\"2024-08-15T20:26:33+00:00\" \/>\n<meta name=\"twitter:card\" content=\"summary_large_image\" \/>\n<meta name=\"twitter:label1\" content=\"Est. reading time\" \/>\n\t<meta name=\"twitter:data1\" content=\"2 minutes\" \/>\n<script type=\"application\/ld+json\" class=\"yoast-schema-graph\">{\"@context\":\"https:\/\/schema.org\",\"@graph\":[{\"@type\":\"WebPage\",\"@id\":\"https:\/\/pfrost.atiksoluciones.com\/gestion-etica\/\",\"url\":\"https:\/\/pfrost.atiksoluciones.com\/gestion-etica\/\",\"name\":\"Gesti\u00f3n \u00c9tica - Per\u00fa Frost\",\"isPartOf\":{\"@id\":\"https:\/\/pfrost.atiksoluciones.com\/#website\"},\"datePublished\":\"2024-08-15T20:20:27+00:00\",\"dateModified\":\"2024-08-15T20:26:33+00:00\",\"breadcrumb\":{\"@id\":\"https:\/\/pfrost.atiksoluciones.com\/gestion-etica\/#breadcrumb\"},\"inLanguage\":\"en-US\",\"potentialAction\":[{\"@type\":\"ReadAction\",\"target\":[\"https:\/\/pfrost.atiksoluciones.com\/gestion-etica\/\"]}]},{\"@type\":\"BreadcrumbList\",\"@id\":\"https:\/\/pfrost.atiksoluciones.com\/gestion-etica\/#breadcrumb\",\"itemListElement\":[{\"@type\":\"ListItem\",\"position\":1,\"name\":\"Home\",\"item\":\"https:\/\/pfrost.atiksoluciones.com\/\"},{\"@type\":\"ListItem\",\"position\":2,\"name\":\"Gesti\u00f3n \u00c9tica\"}]},{\"@type\":\"WebSite\",\"@id\":\"https:\/\/pfrost.atiksoluciones.com\/#website\",\"url\":\"https:\/\/pfrost.atiksoluciones.com\/\",\"name\":\"Per\u00fa Frost\",\"description\":\"Per\u00fa Frost\",\"publisher\":{\"@id\":\"https:\/\/pfrost.atiksoluciones.com\/#organization\"},\"potentialAction\":[{\"@type\":\"SearchAction\",\"target\":{\"@type\":\"EntryPoint\",\"urlTemplate\":\"https:\/\/pfrost.atiksoluciones.com\/?s={search_term_string}\"},\"query-input\":{\"@type\":\"PropertyValueSpecification\",\"valueRequired\":true,\"valueName\":\"search_term_string\"}}],\"inLanguage\":\"en-US\"},{\"@type\":\"Organization\",\"@id\":\"https:\/\/pfrost.atiksoluciones.com\/#organization\",\"name\":\"Per\u00fa Frost\",\"url\":\"https:\/\/pfrost.atiksoluciones.com\/\",\"logo\":{\"@type\":\"ImageObject\",\"inLanguage\":\"en-US\",\"@id\":\"https:\/\/pfrost.atiksoluciones.com\/#\/schema\/logo\/image\/\",\"url\":\"https:\/\/pfrost.atiksoluciones.com\/wp-content\/uploads\/2022\/04\/logo-1.png\",\"contentUrl\":\"https:\/\/pfrost.atiksoluciones.com\/wp-content\/uploads\/2022\/04\/logo-1.png\",\"width\":254,\"height\":56,\"caption\":\"Per\u00fa Frost\"},\"image\":{\"@id\":\"https:\/\/pfrost.atiksoluciones.com\/#\/schema\/logo\/image\/\"}}]}<\/script>\n<!-- \/ Yoast SEO plugin. -->","yoast_head_json":{"title":"Gesti\u00f3n \u00c9tica - Per\u00fa Frost","robots":{"index":"noindex","follow":"follow","max-snippet":"max-snippet:-1","max-image-preview":"max-image-preview:large","max-video-preview":"max-video-preview:-1"},"og_locale":"en_US","og_type":"article","og_title":"Gesti\u00f3n \u00c9tica - Per\u00fa Frost","og_description":"En PER\u00da FROST, el\u00a0compromiso con un negocio honesto e \u00edntegro\u00a0es un pilar fundamental para nuestra estrategia corporativa. Desarrollamos todas nuestras actividades bajo el firme convencimiento de que un\u00a0comportamiento \u00e9tico y transparente es clave\u00a0para el\u00a0\u00e9xito de nuestro negocio. Por ello, mantenemos diferentes canales que garantizan que las acciones de nuestro equipo de trabajo sigan estos lineamientos. [&hellip;]","og_url":"https:\/\/pfrost.atiksoluciones.com\/en\/gestion-etica\/","og_site_name":"Per\u00fa Frost","article_modified_time":"2024-08-15T20:26:33+00:00","twitter_card":"summary_large_image","twitter_misc":{"Est. reading time":"2 minutes"},"schema":{"@context":"https:\/\/schema.org","@graph":[{"@type":"WebPage","@id":"https:\/\/pfrost.atiksoluciones.com\/gestion-etica\/","url":"https:\/\/pfrost.atiksoluciones.com\/gestion-etica\/","name":"Gesti\u00f3n \u00c9tica - Per\u00fa Frost","isPartOf":{"@id":"https:\/\/pfrost.atiksoluciones.com\/#website"},"datePublished":"2024-08-15T20:20:27+00:00","dateModified":"2024-08-15T20:26:33+00:00","breadcrumb":{"@id":"https:\/\/pfrost.atiksoluciones.com\/gestion-etica\/#breadcrumb"},"inLanguage":"en-US","potentialAction":[{"@type":"ReadAction","target":["https:\/\/pfrost.atiksoluciones.com\/gestion-etica\/"]}]},{"@type":"BreadcrumbList","@id":"https:\/\/pfrost.atiksoluciones.com\/gestion-etica\/#breadcrumb","itemListElement":[{"@type":"ListItem","position":1,"name":"Home","item":"https:\/\/pfrost.atiksoluciones.com\/"},{"@type":"ListItem","position":2,"name":"Gesti\u00f3n \u00c9tica"}]},{"@type":"WebSite","@id":"https:\/\/pfrost.atiksoluciones.com\/#website","url":"https:\/\/pfrost.atiksoluciones.com\/","name":"Per\u00fa Frost","description":"Per\u00fa Frost","publisher":{"@id":"https:\/\/pfrost.atiksoluciones.com\/#organization"},"potentialAction":[{"@type":"SearchAction","target":{"@type":"EntryPoint","urlTemplate":"https:\/\/pfrost.atiksoluciones.com\/?s={search_term_string}"},"query-input":{"@type":"PropertyValueSpecification","valueRequired":true,"valueName":"search_term_string"}}],"inLanguage":"en-US"},{"@type":"Organization","@id":"https:\/\/pfrost.atiksoluciones.com\/#organization","name":"Per\u00fa Frost","url":"https:\/\/pfrost.atiksoluciones.com\/","logo":{"@type":"ImageObject","inLanguage":"en-US","@id":"https:\/\/pfrost.atiksoluciones.com\/#\/schema\/logo\/image\/","url":"https:\/\/pfrost.atiksoluciones.com\/wp-content\/uploads\/2022\/04\/logo-1.png","contentUrl":"https:\/\/pfrost.atiksoluciones.com\/wp-content\/uploads\/2022\/04\/logo-1.png","width":254,"height":56,"caption":"Per\u00fa Frost"},"image":{"@id":"https:\/\/pfrost.atiksoluciones.com\/#\/schema\/logo\/image\/"}}]}},"_links":{"self":[{"href":"https:\/\/pfrost.atiksoluciones.com\/en\/wp-json\/wp\/v2\/pages\/3120","targetHints":{"allow":["GET"]}}],"collection":[{"href":"https:\/\/pfrost.atiksoluciones.com\/en\/wp-json\/wp\/v2\/pages"}],"about":[{"href":"https:\/\/pfrost.atiksoluciones.com\/en\/wp-json\/wp\/v2\/types\/page"}],"author":[{"embeddable":true,"href":"https:\/\/pfrost.atiksoluciones.com\/en\/wp-json\/wp\/v2\/users\/1"}],"replies":[{"embeddable":true,"href":"https:\/\/pfrost.atiksoluciones.com\/en\/wp-json\/wp\/v2\/comments?post=3120"}],"version-history":[{"count":22,"href":"https:\/\/pfrost.atiksoluciones.com\/en\/wp-json\/wp\/v2\/pages\/3120\/revisions"}],"predecessor-version":[{"id":3143,"href":"https:\/\/pfrost.atiksoluciones.com\/en\/wp-json\/wp\/v2\/pages\/3120\/revisions\/3143"}],"wp:attachment":[{"href":"https:\/\/pfrost.atiksoluciones.com\/en\/wp-json\/wp\/v2\/media?parent=3120"}],"curies":[{"name":"wp","href":"https:\/\/api.w.org\/{rel}","templated":true}]}}