{"id":2153,"date":"2024-07-24T16:34:34","date_gmt":"2024-07-24T21:34:34","guid":{"rendered":"https:\/\/pfrost.atiksoluciones.com\/?page_id=2153"},"modified":"2024-08-08T11:35:46","modified_gmt":"2024-08-08T16:35:46","slug":"calamar-2","status":"publish","type":"page","link":"https:\/\/pfrost.atiksoluciones.com\/en\/productos\/calamar-2\/","title":{"rendered":"Squid"},"content":{"rendered":"<div data-elementor-type=\"wp-page\" data-elementor-id=\"2153\" class=\"elementor elementor-2153\" data-elementor-post-type=\"page\">\n\t\t\t\t<div class=\"elementor-element elementor-element-01756e1 e-flex e-con-boxed e-con e-parent\" data-id=\"01756e1\" data-element_type=\"container\" data-settings=\"{&quot;background_background&quot;:&quot;classic&quot;}\">\n\t\t\t\t\t<div class=\"e-con-inner\">\n\t\t<div class=\"elementor-element elementor-element-9e9e93e e-con-full e-flex e-con e-child\" data-id=\"9e9e93e\" data-element_type=\"container\">\n\t\t\t\t<div class=\"elementor-element elementor-element-73aa5fd elementor-widget__width-initial elementor-widget-mobile__width-inherit elementor-invisible elementor-widget elementor-widget-heading\" data-id=\"73aa5fd\" data-element_type=\"widget\" data-settings=\"{&quot;_animation&quot;:&quot;fadeInUp&quot;}\" data-widget_type=\"heading.default\">\n\t\t\t\t<div class=\"elementor-widget-container\">\n\t\t\t\t\t<h1 class=\"elementor-heading-title elementor-size-default\">Squid<\/h1>\t\t\t\t<\/div>\n\t\t\t\t<\/div>\n\t\t\t\t<div class=\"elementor-element elementor-element-38467da elementor-widget-divider--view-line elementor-widget elementor-widget-divider\" data-id=\"38467da\" data-element_type=\"widget\" data-widget_type=\"divider.default\">\n\t\t\t\t<div class=\"elementor-widget-container\">\n\t\t\t\t\t\t\t<div class=\"elementor-divider\">\n\t\t\t<span class=\"elementor-divider-separator\">\n\t\t\t\t\t\t<\/span>\n\t\t<\/div>\n\t\t\t\t\t\t<\/div>\n\t\t\t\t<\/div>\n\t\t\t\t<div class=\"elementor-element elementor-element-219e8e3 elementor-widget elementor-widget-text-editor\" data-id=\"219e8e3\" data-element_type=\"widget\" data-widget_type=\"text-editor.default\">\n\t\t\t\t<div class=\"elementor-widget-container\">\n\t\t\t\t\t\t\t\t\t<p>El calamar (Merluccius gayi) es un cefal\u00f3podo que alcanza tama\u00f1os de hasta 1.5 metros y pesos de hasta 50 kg.<\/p>\t\t\t\t\t\t\t\t<\/div>\n\t\t\t\t<\/div>\n\t\t\t\t<\/div>\n\t\t<div class=\"elementor-element elementor-element-6c4a404 e-con-full elementor-hidden-mobile e-flex e-con e-child\" data-id=\"6c4a404\" data-element_type=\"container\" data-settings=\"{&quot;background_background&quot;:&quot;classic&quot;}\">\n\t\t\t\t<\/div>\n\t\t\t\t\t<\/div>\n\t\t\t\t<\/div>\n\t\t<div class=\"elementor-element elementor-element-1c66577 e-flex e-con-boxed e-con e-parent\" data-id=\"1c66577\" data-element_type=\"container\">\n\t\t\t\t\t<div class=\"e-con-inner\">\n\t\t<div class=\"elementor-element elementor-element-3428936 e-con-full e-flex e-con e-child\" data-id=\"3428936\" data-element_type=\"container\" data-settings=\"{&quot;background_background&quot;:&quot;classic&quot;}\">\n\t\t\t\t<div class=\"elementor-element elementor-element-d010c3f elementor-widget elementor-widget-image\" data-id=\"d010c3f\" data-element_type=\"widget\" data-widget_type=\"image.default\">\n\t\t\t\t<div class=\"elementor-widget-container\">\n\t\t\t\t\t\t\t\t\t\t\t\t\t\t\t<img fetchpriority=\"high\" decoding=\"async\" width=\"800\" height=\"800\" src=\"https:\/\/pfrost.atiksoluciones.com\/wp-content\/uploads\/2024\/07\/calamar.jpg.jpeg\" class=\"attachment-full size-full wp-image-2428\" alt=\"\" srcset=\"https:\/\/pfrost.atiksoluciones.com\/wp-content\/uploads\/2024\/07\/calamar.jpg.jpeg 800w, https:\/\/pfrost.atiksoluciones.com\/wp-content\/uploads\/2024\/07\/calamar.jpg-300x300.jpeg 300w, https:\/\/pfrost.atiksoluciones.com\/wp-content\/uploads\/2024\/07\/calamar.jpg-150x150.jpeg 150w, https:\/\/pfrost.atiksoluciones.com\/wp-content\/uploads\/2024\/07\/calamar.jpg-768x768.jpeg 768w, https:\/\/pfrost.atiksoluciones.com\/wp-content\/uploads\/2024\/07\/calamar.jpg-12x12.jpeg 12w\" sizes=\"(max-width: 800px) 100vw, 800px\" \/>\t\t\t\t\t\t\t\t\t\t\t\t\t\t\t<\/div>\n\t\t\t\t<\/div>\n\t\t<div class=\"elementor-element elementor-element-7cc7633 e-con-full e-flex e-con e-child\" data-id=\"7cc7633\" data-element_type=\"container\">\n\t\t\t\t<div class=\"elementor-element elementor-element-53c165f elementor-widget elementor-widget-heading\" data-id=\"53c165f\" data-element_type=\"widget\" data-widget_type=\"heading.default\">\n\t\t\t\t<div class=\"elementor-widget-container\">\n\t\t\t\t\t<h2 class=\"elementor-heading-title elementor-size-default\">Whole<\/h2>\t\t\t\t<\/div>\n\t\t\t\t<\/div>\n\t\t\t\t<div class=\"elementor-element elementor-element-bd93792 elementor-widget elementor-widget-button\" data-id=\"bd93792\" data-element_type=\"widget\" data-widget_type=\"button.default\">\n\t\t\t\t<div class=\"elementor-widget-container\">\n\t\t\t\t\t\t\t\t\t<div class=\"elementor-button-wrapper\">\n\t\t\t\t\t<a class=\"elementor-button elementor-button-link elementor-size-sm\" href=\"https:\/\/pfrost.atiksoluciones.com\/en\/productos\/calamar-2\/entero\/\">\n\t\t\t\t\t\t<span class=\"elementor-button-content-wrapper\">\n\t\t\t\t\t\t<span class=\"elementor-button-icon\">\n\t\t\t\t<svg aria-hidden=\"true\" class=\"e-font-icon-svg e-fas-chevron-right\" viewbox=\"0 0 320 512\" xmlns=\"http:\/\/www.w3.org\/2000\/svg\"><path d=\"M285.476 272.971L91.132 467.314c-9.373 9.373-24.569 9.373-33.941 0l-22.667-22.667c-9.357-9.357-9.375-24.522-.04-33.901L188.505 256 34.484 101.255c-9.335-9.379-9.317-24.544.04-33.901l22.667-22.667c9.373-9.373 24.569-9.373 33.941 0L285.475 239.03c9.373 9.372 9.373 24.568.001 33.941z\"><\/path><\/svg>\t\t\t<\/span>\n\t\t\t\t\t\t\t\t\t<span class=\"elementor-button-text\">See more<\/span>\n\t\t\t\t\t<\/span>\n\t\t\t\t\t<\/a>\n\t\t\t\t<\/div>\n\t\t\t\t\t\t\t\t<\/div>\n\t\t\t\t<\/div>\n\t\t\t\t<\/div>\n\t\t\t\t<\/div>\n\t\t\t\t\t<\/div>\n\t\t\t\t<\/div>\n\t\t\t\t<\/div>","protected":false},"excerpt":{"rendered":"<p>El calamar (Merluccius gayi) es un cefal\u00f3podo que alcanza tama\u00f1os de hasta 1.5 metros y pesos de hasta 50 kg. Entero Ver m\u00e1s<\/p>","protected":false},"author":1,"featured_media":0,"parent":173,"menu_order":0,"comment_status":"closed","ping_status":"closed","template":"elementor_header_footer","meta":{"footnotes":""},"class_list":["post-2153","page","type-page","status-publish","hentry"],"yoast_head":"<!-- This site is optimized with the Yoast SEO plugin v24.8.1 - https:\/\/yoast.com\/wordpress\/plugins\/seo\/ -->\n<title>Calamar - Per\u00fa Frost<\/title>\n<meta name=\"robots\" content=\"noindex, follow, max-snippet:-1, max-image-preview:large, max-video-preview:-1\" \/>\n<meta property=\"og:locale\" content=\"en_US\" \/>\n<meta property=\"og:type\" content=\"article\" \/>\n<meta property=\"og:title\" content=\"Calamar - Per\u00fa Frost\" \/>\n<meta property=\"og:description\" content=\"El calamar (Merluccius gayi) es un cefal\u00f3podo que alcanza tama\u00f1os de hasta 1.5 metros y pesos de hasta 50 kg. Entero Ver m\u00e1s\" \/>\n<meta property=\"og:url\" content=\"https:\/\/pfrost.atiksoluciones.com\/en\/productos\/calamar-2\/\" \/>\n<meta property=\"og:site_name\" content=\"Per\u00fa Frost\" \/>\n<meta property=\"article:modified_time\" content=\"2024-08-08T16:35:46+00:00\" \/>\n<meta property=\"og:image\" content=\"https:\/\/pfrost.atiksoluciones.com\/wp-content\/uploads\/2024\/07\/calamar.jpg.jpeg\" \/>\n<meta name=\"twitter:card\" content=\"summary_large_image\" \/>\n<meta name=\"twitter:label1\" content=\"Est. reading time\" \/>\n\t<meta name=\"twitter:data1\" content=\"1 minute\" \/>\n<script type=\"application\/ld+json\" class=\"yoast-schema-graph\">{\"@context\":\"https:\/\/schema.org\",\"@graph\":[{\"@type\":\"WebPage\",\"@id\":\"https:\/\/pfrost.atiksoluciones.com\/productos\/calamar-2\/\",\"url\":\"https:\/\/pfrost.atiksoluciones.com\/productos\/calamar-2\/\",\"name\":\"Calamar - Per\u00fa Frost\",\"isPartOf\":{\"@id\":\"https:\/\/pfrost.atiksoluciones.com\/#website\"},\"primaryImageOfPage\":{\"@id\":\"https:\/\/pfrost.atiksoluciones.com\/productos\/calamar-2\/#primaryimage\"},\"image\":{\"@id\":\"https:\/\/pfrost.atiksoluciones.com\/productos\/calamar-2\/#primaryimage\"},\"thumbnailUrl\":\"https:\/\/pfrost.atiksoluciones.com\/wp-content\/uploads\/2024\/07\/calamar.jpg.jpeg\",\"datePublished\":\"2024-07-24T21:34:34+00:00\",\"dateModified\":\"2024-08-08T16:35:46+00:00\",\"breadcrumb\":{\"@id\":\"https:\/\/pfrost.atiksoluciones.com\/productos\/calamar-2\/#breadcrumb\"},\"inLanguage\":\"en-US\",\"potentialAction\":[{\"@type\":\"ReadAction\",\"target\":[\"https:\/\/pfrost.atiksoluciones.com\/productos\/calamar-2\/\"]}]},{\"@type\":\"ImageObject\",\"inLanguage\":\"en-US\",\"@id\":\"https:\/\/pfrost.atiksoluciones.com\/productos\/calamar-2\/#primaryimage\",\"url\":\"https:\/\/pfrost.atiksoluciones.com\/wp-content\/uploads\/2024\/07\/calamar.jpg.jpeg\",\"contentUrl\":\"https:\/\/pfrost.atiksoluciones.com\/wp-content\/uploads\/2024\/07\/calamar.jpg.jpeg\"},{\"@type\":\"BreadcrumbList\",\"@id\":\"https:\/\/pfrost.atiksoluciones.com\/productos\/calamar-2\/#breadcrumb\",\"itemListElement\":[{\"@type\":\"ListItem\",\"position\":1,\"name\":\"Home\",\"item\":\"https:\/\/pfrost.atiksoluciones.com\/\"},{\"@type\":\"ListItem\",\"position\":2,\"name\":\"Productos\",\"item\":\"https:\/\/pfrost.atiksoluciones.com\/productos\/\"},{\"@type\":\"ListItem\",\"position\":3,\"name\":\"Calamar\"}]},{\"@type\":\"WebSite\",\"@id\":\"https:\/\/pfrost.atiksoluciones.com\/#website\",\"url\":\"https:\/\/pfrost.atiksoluciones.com\/\",\"name\":\"Per\u00fa Frost\",\"description\":\"Per\u00fa Frost\",\"publisher\":{\"@id\":\"https:\/\/pfrost.atiksoluciones.com\/#organization\"},\"potentialAction\":[{\"@type\":\"SearchAction\",\"target\":{\"@type\":\"EntryPoint\",\"urlTemplate\":\"https:\/\/pfrost.atiksoluciones.com\/?s={search_term_string}\"},\"query-input\":{\"@type\":\"PropertyValueSpecification\",\"valueRequired\":true,\"valueName\":\"search_term_string\"}}],\"inLanguage\":\"en-US\"},{\"@type\":\"Organization\",\"@id\":\"https:\/\/pfrost.atiksoluciones.com\/#organization\",\"name\":\"Per\u00fa Frost\",\"url\":\"https:\/\/pfrost.atiksoluciones.com\/\",\"logo\":{\"@type\":\"ImageObject\",\"inLanguage\":\"en-US\",\"@id\":\"https:\/\/pfrost.atiksoluciones.com\/#\/schema\/logo\/image\/\",\"url\":\"https:\/\/pfrost.atiksoluciones.com\/wp-content\/uploads\/2022\/04\/logo-1.png\",\"contentUrl\":\"https:\/\/pfrost.atiksoluciones.com\/wp-content\/uploads\/2022\/04\/logo-1.png\",\"width\":254,\"height\":56,\"caption\":\"Per\u00fa Frost\"},\"image\":{\"@id\":\"https:\/\/pfrost.atiksoluciones.com\/#\/schema\/logo\/image\/\"}}]}<\/script>\n<!-- \/ Yoast SEO plugin. -->","yoast_head_json":{"title":"Calamar - Per\u00fa Frost","robots":{"index":"noindex","follow":"follow","max-snippet":"max-snippet:-1","max-image-preview":"max-image-preview:large","max-video-preview":"max-video-preview:-1"},"og_locale":"en_US","og_type":"article","og_title":"Calamar - Per\u00fa Frost","og_description":"El calamar (Merluccius gayi) es un cefal\u00f3podo que alcanza tama\u00f1os de hasta 1.5 metros y pesos de hasta 50 kg. Entero Ver m\u00e1s","og_url":"https:\/\/pfrost.atiksoluciones.com\/en\/productos\/calamar-2\/","og_site_name":"Per\u00fa Frost","article_modified_time":"2024-08-08T16:35:46+00:00","og_image":[{"url":"https:\/\/pfrost.atiksoluciones.com\/wp-content\/uploads\/2024\/07\/calamar.jpg.jpeg","type":"","width":"","height":""}],"twitter_card":"summary_large_image","twitter_misc":{"Est. reading time":"1 minute"},"schema":{"@context":"https:\/\/schema.org","@graph":[{"@type":"WebPage","@id":"https:\/\/pfrost.atiksoluciones.com\/productos\/calamar-2\/","url":"https:\/\/pfrost.atiksoluciones.com\/productos\/calamar-2\/","name":"Calamar - Per\u00fa Frost","isPartOf":{"@id":"https:\/\/pfrost.atiksoluciones.com\/#website"},"primaryImageOfPage":{"@id":"https:\/\/pfrost.atiksoluciones.com\/productos\/calamar-2\/#primaryimage"},"image":{"@id":"https:\/\/pfrost.atiksoluciones.com\/productos\/calamar-2\/#primaryimage"},"thumbnailUrl":"https:\/\/pfrost.atiksoluciones.com\/wp-content\/uploads\/2024\/07\/calamar.jpg.jpeg","datePublished":"2024-07-24T21:34:34+00:00","dateModified":"2024-08-08T16:35:46+00:00","breadcrumb":{"@id":"https:\/\/pfrost.atiksoluciones.com\/productos\/calamar-2\/#breadcrumb"},"inLanguage":"en-US","potentialAction":[{"@type":"ReadAction","target":["https:\/\/pfrost.atiksoluciones.com\/productos\/calamar-2\/"]}]},{"@type":"ImageObject","inLanguage":"en-US","@id":"https:\/\/pfrost.atiksoluciones.com\/productos\/calamar-2\/#primaryimage","url":"https:\/\/pfrost.atiksoluciones.com\/wp-content\/uploads\/2024\/07\/calamar.jpg.jpeg","contentUrl":"https:\/\/pfrost.atiksoluciones.com\/wp-content\/uploads\/2024\/07\/calamar.jpg.jpeg"},{"@type":"BreadcrumbList","@id":"https:\/\/pfrost.atiksoluciones.com\/productos\/calamar-2\/#breadcrumb","itemListElement":[{"@type":"ListItem","position":1,"name":"Home","item":"https:\/\/pfrost.atiksoluciones.com\/"},{"@type":"ListItem","position":2,"name":"Productos","item":"https:\/\/pfrost.atiksoluciones.com\/productos\/"},{"@type":"ListItem","position":3,"name":"Calamar"}]},{"@type":"WebSite","@id":"https:\/\/pfrost.atiksoluciones.com\/#website","url":"https:\/\/pfrost.atiksoluciones.com\/","name":"Per\u00fa Frost","description":"Per\u00fa Frost","publisher":{"@id":"https:\/\/pfrost.atiksoluciones.com\/#organization"},"potentialAction":[{"@type":"SearchAction","target":{"@type":"EntryPoint","urlTemplate":"https:\/\/pfrost.atiksoluciones.com\/?s={search_term_string}"},"query-input":{"@type":"PropertyValueSpecification","valueRequired":true,"valueName":"search_term_string"}}],"inLanguage":"en-US"},{"@type":"Organization","@id":"https:\/\/pfrost.atiksoluciones.com\/#organization","name":"Per\u00fa Frost","url":"https:\/\/pfrost.atiksoluciones.com\/","logo":{"@type":"ImageObject","inLanguage":"en-US","@id":"https:\/\/pfrost.atiksoluciones.com\/#\/schema\/logo\/image\/","url":"https:\/\/pfrost.atiksoluciones.com\/wp-content\/uploads\/2022\/04\/logo-1.png","contentUrl":"https:\/\/pfrost.atiksoluciones.com\/wp-content\/uploads\/2022\/04\/logo-1.png","width":254,"height":56,"caption":"Per\u00fa Frost"},"image":{"@id":"https:\/\/pfrost.atiksoluciones.com\/#\/schema\/logo\/image\/"}}]}},"_links":{"self":[{"href":"https:\/\/pfrost.atiksoluciones.com\/en\/wp-json\/wp\/v2\/pages\/2153","targetHints":{"allow":["GET"]}}],"collection":[{"href":"https:\/\/pfrost.atiksoluciones.com\/en\/wp-json\/wp\/v2\/pages"}],"about":[{"href":"https:\/\/pfrost.atiksoluciones.com\/en\/wp-json\/wp\/v2\/types\/page"}],"author":[{"embeddable":true,"href":"https:\/\/pfrost.atiksoluciones.com\/en\/wp-json\/wp\/v2\/users\/1"}],"replies":[{"embeddable":true,"href":"https:\/\/pfrost.atiksoluciones.com\/en\/wp-json\/wp\/v2\/comments?post=2153"}],"version-history":[{"count":25,"href":"https:\/\/pfrost.atiksoluciones.com\/en\/wp-json\/wp\/v2\/pages\/2153\/revisions"}],"predecessor-version":[{"id":2956,"href":"https:\/\/pfrost.atiksoluciones.com\/en\/wp-json\/wp\/v2\/pages\/2153\/revisions\/2956"}],"up":[{"embeddable":true,"href":"https:\/\/pfrost.atiksoluciones.com\/en\/wp-json\/wp\/v2\/pages\/173"}],"wp:attachment":[{"href":"https:\/\/pfrost.atiksoluciones.com\/en\/wp-json\/wp\/v2\/media?parent=2153"}],"curies":[{"name":"wp","href":"https:\/\/api.w.org\/{rel}","templated":true}]}}